{"id":7975,"date":"2020-10-13T18:55:41","date_gmt":"2020-10-13T18:55:41","guid":{"rendered":"https:\/\/commparlimage.ca\/garage\/herazz\/?product=elizabeth-craft-designs-microfine-glitter-diamant-froid"},"modified":"2026-02-05T13:10:49","modified_gmt":"2026-02-05T18:10:49","slug":"elizabeth-craft-designs-microfine-glitter-diamant-froid","status":"publish","type":"product","link":"https:\/\/www.galerie-scrapbooking.com\/en\/produit\/elizabeth-craft-designs-microfine-glitter-diamant-froid\/","title":{"rendered":"Elizabeth Craft Designs Microfine Glitter Diamant froid"},"content":{"rendered":"<h1>Elizabeth Craft Designs Microfine Glitter Diamant froid<\/h1>\n<p>Cela donnera un accent brillant \u00e9clatant \u00e0 tout projet de scrapbooking. Cette couleur \u00e9tant d&#8217;un beau blanc brillant permettra de donner l&#8217;illusion de la neige une fois ajout\u00e9e \u00e0 vos projets.<\/p>\n<p>Ce paquet contient 14 grammes de paillettes.<\/p>\n","protected":false},"excerpt":{"rendered":"<p>Elizabeth Craft Designs Silk Microfine Glitter 1oz &#8211; Cool Diamond<\/p>\n","protected":false},"featured_media":7976,"template":"","meta":{"_acf_changed":false},"product_brand":[],"product_cat":[248],"product_tag":[],"class_list":{"0":"post-7975","1":"product","2":"type-product","3":"status-publish","4":"has-post-thumbnail","6":"product_cat-elizabeth-craft-microfine-glitter","7":"pa_brand_nc-elizabeth-craft-designs","9":"first","10":"instock","11":"taxable","12":"shipping-taxable","13":"purchasable","14":"product-type-simple"},"acf":[],"aioseo_notices":[],"_links":{"self":[{"href":"https:\/\/www.galerie-scrapbooking.com\/en\/wp-json\/wp\/v2\/product\/7975","targetHints":{"allow":["GET"]}}],"collection":[{"href":"https:\/\/www.galerie-scrapbooking.com\/en\/wp-json\/wp\/v2\/product"}],"about":[{"href":"https:\/\/www.galerie-scrapbooking.com\/en\/wp-json\/wp\/v2\/types\/product"}],"wp:featuredmedia":[{"embeddable":true,"href":"https:\/\/www.galerie-scrapbooking.com\/en\/wp-json\/wp\/v2\/media\/7976"}],"wp:attachment":[{"href":"https:\/\/www.galerie-scrapbooking.com\/en\/wp-json\/wp\/v2\/media?parent=7975"}],"wp:term":[{"taxonomy":"product_brand","embeddable":true,"href":"https:\/\/www.galerie-scrapbooking.com\/en\/wp-json\/wp\/v2\/product_brand?post=7975"},{"taxonomy":"product_cat","embeddable":true,"href":"https:\/\/www.galerie-scrapbooking.com\/en\/wp-json\/wp\/v2\/product_cat?post=7975"},{"taxonomy":"product_tag","embeddable":true,"href":"https:\/\/www.galerie-scrapbooking.com\/en\/wp-json\/wp\/v2\/product_tag?post=7975"}],"curies":[{"name":"wp","href":"https:\/\/api.w.org\/{rel}","templated":true}]}}