{"id":7889,"date":"2020-09-30T21:06:10","date_gmt":"2020-09-30T21:06:10","guid":{"rendered":"https:\/\/commparlimage.ca\/garage\/herazz\/?product=heidi-swapp-minc-tampon-encreur-toner"},"modified":"2024-05-29T15:19:00","modified_gmt":"2024-05-29T19:19:00","slug":"heidi-swapp-minc-tampon-encreur-toner","status":"publish","type":"product","link":"https:\/\/www.galerie-scrapbooking.com\/en\/produit\/heidi-swapp-minc-tampon-encreur-toner\/","title":{"rendered":"Heidi Swapp Minc Tampon encreur Toner"},"content":{"rendered":"<p>De Heidi Swapp.<\/p>\n<p>Avec la Minc, utilisez vos formes de tampons pr\u00e9f\u00e9r\u00e9es avec l&#8217;aide de ce tampon encreur Minc!<\/p>\n<p>Utilisez-le avec l&#8217;encre Minc et vos tampons pr\u00e9f\u00e9r\u00e9s pour ajouter des d\u00e9tails en aluminium \u00e0 des albums, des cartes, des planificateurs et bien plus encore.<\/p>\n<p>Ce paquet comprend un tampon encreur sans encre.<\/p>\n<p>Voici une vid\u00e9o de d\u00e9monstration:<\/p>\n<p><iframe loading=\"lazy\" src=\"https:\/\/www.youtube.com\/embed\/jZ4hpiVDNRk\" width=\"560\" height=\"315\" frameborder=\"0\" allowfullscreen=\"allowfullscreen\"><\/iframe><\/p>\n","protected":false},"excerpt":{"rendered":"<p>Heidi Swapp Minc Toner Stamping Stamp Pad<\/p>\n","protected":false},"featured_media":7890,"template":"","meta":{"_acf_changed":false},"product_brand":[],"product_cat":[264],"product_tag":[],"class_list":{"0":"post-7889","1":"product","2":"type-product","3":"status-publish","4":"has-post-thumbnail","6":"product_cat-heidi-swapp-mini-minc","7":"pa_brand_nc-heidi-swapp","9":"first","10":"instock","11":"taxable","12":"shipping-taxable","13":"purchasable","14":"product-type-simple"},"acf":[],"aioseo_notices":[],"_links":{"self":[{"href":"https:\/\/www.galerie-scrapbooking.com\/en\/wp-json\/wp\/v2\/product\/7889","targetHints":{"allow":["GET"]}}],"collection":[{"href":"https:\/\/www.galerie-scrapbooking.com\/en\/wp-json\/wp\/v2\/product"}],"about":[{"href":"https:\/\/www.galerie-scrapbooking.com\/en\/wp-json\/wp\/v2\/types\/product"}],"wp:featuredmedia":[{"embeddable":true,"href":"https:\/\/www.galerie-scrapbooking.com\/en\/wp-json\/wp\/v2\/media\/7890"}],"wp:attachment":[{"href":"https:\/\/www.galerie-scrapbooking.com\/en\/wp-json\/wp\/v2\/media?parent=7889"}],"wp:term":[{"taxonomy":"product_brand","embeddable":true,"href":"https:\/\/www.galerie-scrapbooking.com\/en\/wp-json\/wp\/v2\/product_brand?post=7889"},{"taxonomy":"product_cat","embeddable":true,"href":"https:\/\/www.galerie-scrapbooking.com\/en\/wp-json\/wp\/v2\/product_cat?post=7889"},{"taxonomy":"product_tag","embeddable":true,"href":"https:\/\/www.galerie-scrapbooking.com\/en\/wp-json\/wp\/v2\/product_tag?post=7889"}],"curies":[{"name":"wp","href":"https:\/\/api.w.org\/{rel}","templated":true}]}}