{"id":7750,"date":"2020-09-16T14:08:04","date_gmt":"2020-09-16T14:08:04","guid":{"rendered":"https:\/\/commparlimage.ca\/garage\/herazz\/?product=lavinia-etampe-branche-de-fougere"},"modified":"2025-10-06T19:23:08","modified_gmt":"2025-10-06T23:23:08","slug":"lavinia-etampe-branche-de-fougere","status":"publish","type":"product","link":"https:\/\/www.galerie-scrapbooking.com\/en\/produit\/lavinia-etampe-branche-de-fougere\/","title":{"rendered":"Lavinia \u00c9tampe Branche de Foug\u00e8re"},"content":{"rendered":"<h1>Lavinia \u00c9tampe Branche de Foug\u00e8re<\/h1>\n<p>Un ensemble de deux splendides \u00e9tampes pr\u00e9sentant des illustrations de branches nues ressemblant \u00e0 des brindilles.<\/p>\n<p>Les branches nues ajoutent une atmosph\u00e8re \u00e0 toute sc\u00e8ne hivernale ou enneig\u00e9e et sont magnifiques avec le sapin f\u00e9erique et les flocons de neige.<\/p>\n<p>N\u00e9cessite l&#8217;utilisation d&#8217;un bloc acrylique.<\/p>\n<p>Dimension approximative:<\/p>\n<p>1,5 cm x 7 cm et 2,5 cm x 10 cm<\/p>\n","protected":false},"excerpt":{"rendered":"<p>Lavinia Stamp &#8211; Fern Branch<\/p>\n","protected":false},"featured_media":7751,"template":"","meta":{"_acf_changed":false},"product_brand":[],"product_cat":[423,342],"product_tag":[],"class_list":{"0":"post-7750","1":"product","2":"type-product","3":"status-publish","4":"has-post-thumbnail","6":"product_cat-fleurs-feuillage","7":"product_cat-etampes-lavinia","8":"pa_brand_nc-lavinia","10":"first","11":"instock","12":"taxable","13":"shipping-taxable","14":"purchasable","15":"product-type-simple"},"acf":[],"aioseo_notices":[],"_links":{"self":[{"href":"https:\/\/www.galerie-scrapbooking.com\/en\/wp-json\/wp\/v2\/product\/7750","targetHints":{"allow":["GET"]}}],"collection":[{"href":"https:\/\/www.galerie-scrapbooking.com\/en\/wp-json\/wp\/v2\/product"}],"about":[{"href":"https:\/\/www.galerie-scrapbooking.com\/en\/wp-json\/wp\/v2\/types\/product"}],"wp:featuredmedia":[{"embeddable":true,"href":"https:\/\/www.galerie-scrapbooking.com\/en\/wp-json\/wp\/v2\/media\/7751"}],"wp:attachment":[{"href":"https:\/\/www.galerie-scrapbooking.com\/en\/wp-json\/wp\/v2\/media?parent=7750"}],"wp:term":[{"taxonomy":"product_brand","embeddable":true,"href":"https:\/\/www.galerie-scrapbooking.com\/en\/wp-json\/wp\/v2\/product_brand?post=7750"},{"taxonomy":"product_cat","embeddable":true,"href":"https:\/\/www.galerie-scrapbooking.com\/en\/wp-json\/wp\/v2\/product_cat?post=7750"},{"taxonomy":"product_tag","embeddable":true,"href":"https:\/\/www.galerie-scrapbooking.com\/en\/wp-json\/wp\/v2\/product_tag?post=7750"}],"curies":[{"name":"wp","href":"https:\/\/api.w.org\/{rel}","templated":true}]}}