{"id":7665,"date":"2020-08-19T18:01:42","date_gmt":"2020-08-19T18:01:42","guid":{"rendered":"https:\/\/commparlimage.ca\/garage\/herazz\/?product=stylo-gelly-roll-pointe-medium-stardust-glitter-transparent"},"modified":"2026-04-20T21:12:17","modified_gmt":"2026-04-21T01:12:17","slug":"stylo-gelly-roll-pointe-medium-stardust-glitter-transparent","status":"publish","type":"product","link":"https:\/\/www.galerie-scrapbooking.com\/en\/produit\/stylo-gelly-roll-pointe-medium-stardust-glitter-transparent\/","title":{"rendered":"Stylo Gelly roll pointe m\u00e9dium Stardust glitter transparent"},"content":{"rendered":"<p>Le stylo Gelly Roll est dot\u00e9 d&#8217;une encre fluide haute performance aux couleurs vraies et riches.<\/p>\n<p>Il adh\u00e8re aux surfaces mates et brillantes.<\/p>\n<p>Id\u00e9al pour le scrapbooking ou le journaling sur des papiers clairs ou fonc\u00e9s.<\/p>\n<p>\u00c9tanche, r\u00e9sistant \u00e0 la d\u00e9coloration et qualit\u00e9 archivistique.<\/p>\n","protected":false},"excerpt":{"rendered":"<p>Gelly Roll Stardust Bold Point Pens clear glitter<\/p>\n","protected":false},"featured_media":7666,"template":"","meta":{"_acf_changed":false},"product_brand":[],"product_cat":[78],"product_tag":[],"class_list":{"0":"post-7665","1":"product","2":"type-product","3":"status-publish","4":"has-post-thumbnail","6":"product_cat-signo-sakura","7":"pa_brand_nc-sakura","9":"first","10":"instock","11":"taxable","12":"shipping-taxable","13":"purchasable","14":"product-type-simple"},"acf":[],"aioseo_notices":[],"_links":{"self":[{"href":"https:\/\/www.galerie-scrapbooking.com\/en\/wp-json\/wp\/v2\/product\/7665","targetHints":{"allow":["GET"]}}],"collection":[{"href":"https:\/\/www.galerie-scrapbooking.com\/en\/wp-json\/wp\/v2\/product"}],"about":[{"href":"https:\/\/www.galerie-scrapbooking.com\/en\/wp-json\/wp\/v2\/types\/product"}],"wp:featuredmedia":[{"embeddable":true,"href":"https:\/\/www.galerie-scrapbooking.com\/en\/wp-json\/wp\/v2\/media\/7666"}],"wp:attachment":[{"href":"https:\/\/www.galerie-scrapbooking.com\/en\/wp-json\/wp\/v2\/media?parent=7665"}],"wp:term":[{"taxonomy":"product_brand","embeddable":true,"href":"https:\/\/www.galerie-scrapbooking.com\/en\/wp-json\/wp\/v2\/product_brand?post=7665"},{"taxonomy":"product_cat","embeddable":true,"href":"https:\/\/www.galerie-scrapbooking.com\/en\/wp-json\/wp\/v2\/product_cat?post=7665"},{"taxonomy":"product_tag","embeddable":true,"href":"https:\/\/www.galerie-scrapbooking.com\/en\/wp-json\/wp\/v2\/product_tag?post=7665"}],"curies":[{"name":"wp","href":"https:\/\/api.w.org\/{rel}","templated":true}]}}