{"id":7653,"date":"2020-08-19T17:13:21","date_gmt":"2020-08-19T17:13:21","guid":{"rendered":"https:\/\/commparlimage.ca\/garage\/herazz\/?product=tonic-studios-craft-tidy"},"modified":"2025-11-13T12:16:05","modified_gmt":"2025-11-13T17:16:05","slug":"tonic-studios-craft-tidy","status":"publish","type":"product","link":"https:\/\/www.galerie-scrapbooking.com\/en\/produit\/tonic-studios-craft-tidy\/","title":{"rendered":"Tonic Studios Craft Tidy"},"content":{"rendered":"<p>De Tonic Studio une toute nouvelle solution de stockage Craft Tidy! Ce produit \u00e9tonnant a un porte-gobelet en m\u00e9tal et un fourre-tout de rangement artisanal facile \u00e0 clipser.<\/p>\n<p>Le beau design et le cadre en acier massif sont dot\u00e9s d&#8217;une magnifique finition chrom\u00e9e. De plus, le Craft Tidy a \u00e9t\u00e9 con\u00e7u avec une base renforc\u00e9e et est parfait pour ranger des ciseaux, des outils, des pinceaux, des stylos et du mat\u00e9riel d&#8217;artisanat essentiel!<\/p>\n<p>Avec un tissu amovible et lavable \u00e0 la main, associ\u00e9 \u00e0 un design sans effort, ce produit est vraiment incontournable.<\/p>\n<p>Dimensions approximatives: 230mm x 190mm x 145mm<\/p>\n","protected":false},"excerpt":{"rendered":"<p>Tonic Studios Craft Tidy<\/p>\n","protected":false},"featured_media":7654,"template":"","meta":{"_acf_changed":false},"product_brand":[],"product_cat":[238],"product_tag":[],"class_list":{"0":"post-7653","1":"product","2":"type-product","3":"status-publish","4":"has-post-thumbnail","6":"product_cat-rangements-scrapbooking","7":"pa_brand_nc-tonic-studios","9":"first","10":"instock","11":"taxable","12":"shipping-taxable","13":"purchasable","14":"product-type-simple"},"acf":[],"aioseo_notices":[],"_links":{"self":[{"href":"https:\/\/www.galerie-scrapbooking.com\/en\/wp-json\/wp\/v2\/product\/7653","targetHints":{"allow":["GET"]}}],"collection":[{"href":"https:\/\/www.galerie-scrapbooking.com\/en\/wp-json\/wp\/v2\/product"}],"about":[{"href":"https:\/\/www.galerie-scrapbooking.com\/en\/wp-json\/wp\/v2\/types\/product"}],"wp:featuredmedia":[{"embeddable":true,"href":"https:\/\/www.galerie-scrapbooking.com\/en\/wp-json\/wp\/v2\/media\/7654"}],"wp:attachment":[{"href":"https:\/\/www.galerie-scrapbooking.com\/en\/wp-json\/wp\/v2\/media?parent=7653"}],"wp:term":[{"taxonomy":"product_brand","embeddable":true,"href":"https:\/\/www.galerie-scrapbooking.com\/en\/wp-json\/wp\/v2\/product_brand?post=7653"},{"taxonomy":"product_cat","embeddable":true,"href":"https:\/\/www.galerie-scrapbooking.com\/en\/wp-json\/wp\/v2\/product_cat?post=7653"},{"taxonomy":"product_tag","embeddable":true,"href":"https:\/\/www.galerie-scrapbooking.com\/en\/wp-json\/wp\/v2\/product_tag?post=7653"}],"curies":[{"name":"wp","href":"https:\/\/api.w.org\/{rel}","templated":true}]}}