{"id":7651,"date":"2020-08-18T18:49:22","date_gmt":"2020-08-18T18:49:22","guid":{"rendered":"https:\/\/commparlimage.ca\/garage\/herazz\/?product=itd-collection-pad-210-x-297-mm-jouets-noel"},"modified":"2024-02-22T21:34:10","modified_gmt":"2024-02-23T02:34:10","slug":"itd-collection-pad-210-x-297-mm-jouets-noel","status":"publish","type":"product","link":"https:\/\/www.galerie-scrapbooking.com\/en\/produit\/itd-collection-pad-210-x-297-mm-jouets-noel\/","title":{"rendered":"ITD Collection Pad 210 x 297 mm &#8211; Jouets No\u00ebl"},"content":{"rendered":"<p>Ce bloc contient 5 feuilles de papier cartonn&eacute; recto-verso de 210 x 297 mm. et 1 feuille d&#8217;\u00e9tiquettes \u00e0 d\u00e9couper.<\/p>\n<p>Le grammage du papier est de 200 g \/ m2<\/p>\n","protected":false},"excerpt":{"rendered":"<p>ITD Collection Pad &#8211; Christmas Toys<\/p>\n","protected":false},"featured_media":7652,"template":"","meta":{"_acf_changed":false},"product_brand":[],"product_cat":[411,354],"product_tag":[],"class_list":{"0":"post-7651","1":"product","2":"type-product","3":"status-publish","4":"has-post-thumbnail","6":"product_cat-ensemble-autre","7":"product_cat-papiers-scrapbooking-itd-collection","8":"pa_brand_nc-itd-collection","10":"first","11":"instock","12":"taxable","13":"shipping-taxable","14":"purchasable","15":"product-type-simple"},"acf":[],"aioseo_notices":[],"_links":{"self":[{"href":"https:\/\/www.galerie-scrapbooking.com\/en\/wp-json\/wp\/v2\/product\/7651","targetHints":{"allow":["GET"]}}],"collection":[{"href":"https:\/\/www.galerie-scrapbooking.com\/en\/wp-json\/wp\/v2\/product"}],"about":[{"href":"https:\/\/www.galerie-scrapbooking.com\/en\/wp-json\/wp\/v2\/types\/product"}],"wp:featuredmedia":[{"embeddable":true,"href":"https:\/\/www.galerie-scrapbooking.com\/en\/wp-json\/wp\/v2\/media\/7652"}],"wp:attachment":[{"href":"https:\/\/www.galerie-scrapbooking.com\/en\/wp-json\/wp\/v2\/media?parent=7651"}],"wp:term":[{"taxonomy":"product_brand","embeddable":true,"href":"https:\/\/www.galerie-scrapbooking.com\/en\/wp-json\/wp\/v2\/product_brand?post=7651"},{"taxonomy":"product_cat","embeddable":true,"href":"https:\/\/www.galerie-scrapbooking.com\/en\/wp-json\/wp\/v2\/product_cat?post=7651"},{"taxonomy":"product_tag","embeddable":true,"href":"https:\/\/www.galerie-scrapbooking.com\/en\/wp-json\/wp\/v2\/product_tag?post=7651"}],"curies":[{"name":"wp","href":"https:\/\/api.w.org\/{rel}","templated":true}]}}