{"id":7602,"date":"2020-08-04T14:09:54","date_gmt":"2020-08-04T14:09:54","guid":{"rendered":"https:\/\/commparlimage.ca\/garage\/herazz\/?product=spellbinders-platinum-60"},"modified":"2026-01-21T15:46:31","modified_gmt":"2026-01-21T20:46:31","slug":"spellbinders-platinum-6-0","status":"publish","type":"product","link":"https:\/\/www.galerie-scrapbooking.com\/en\/produit\/spellbinders-platinum-6-0\/","title":{"rendered":"Spellbinders Platinum 6.0"},"content":{"rendered":"<h1>Spellbinders Platinum 6.0<\/h1>\n<p>Cette petite machine Platinum offre une plate-forme de coupe de 6 &#8220;avec les m\u00eames performances que la plus grande machine Platinum.<\/p>\n<p>Elle coupe une large gamme de mat\u00e9riaux \u00e9pais \u00e0 minces, du papier au coton, en passant par le m\u00e9tal et le bois de balsa. (Les mat\u00e9riaux plus \u00e9pais n\u00e9cessitent des matrices &#8220;Steel rue dies&#8221; )<\/p>\n<p>Comprend une machine Platinum 6, une plate-forme standard, 2 plaques de d\u00e9coupe, une plaque de gaufrage, un tapis de gaufrage et un livret d&#8217;instructions.<\/p>\n<p>Vid\u00e9o de d\u00e9monstration:<\/p>\n<p><iframe loading=\"lazy\" title=\"YouTube video player\" src=\"https:\/\/www.youtube.com\/embed\/jUJo5dW7Ey0\" width=\"560\" height=\"315\" frameborder=\"0\" allowfullscreen=\"allowfullscreen\"><\/iframe><\/p>\n","protected":false},"excerpt":{"rendered":"<p>Spellbinders Platinum 6.0 Cut &amp; Emboss Machine<\/p>\n","protected":false},"featured_media":34405,"template":"","meta":{"_acf_changed":false},"product_brand":[],"product_cat":[262,198,316,86],"product_tag":[],"class_list":{"0":"post-7602","1":"product","2":"type-product","3":"status-publish","4":"has-post-thumbnail","6":"product_cat-machine-decoupes","7":"product_cat-grand-calibur-spellbinders","8":"product_cat-outil-platinum","9":"product_cat-spellbinders","10":"pa_brand_nc-spellbinders","12":"first","13":"instock","14":"taxable","15":"shipping-taxable","16":"purchasable","17":"product-type-simple"},"acf":[],"aioseo_notices":[],"_links":{"self":[{"href":"https:\/\/www.galerie-scrapbooking.com\/en\/wp-json\/wp\/v2\/product\/7602","targetHints":{"allow":["GET"]}}],"collection":[{"href":"https:\/\/www.galerie-scrapbooking.com\/en\/wp-json\/wp\/v2\/product"}],"about":[{"href":"https:\/\/www.galerie-scrapbooking.com\/en\/wp-json\/wp\/v2\/types\/product"}],"wp:featuredmedia":[{"embeddable":true,"href":"https:\/\/www.galerie-scrapbooking.com\/en\/wp-json\/wp\/v2\/media\/34405"}],"wp:attachment":[{"href":"https:\/\/www.galerie-scrapbooking.com\/en\/wp-json\/wp\/v2\/media?parent=7602"}],"wp:term":[{"taxonomy":"product_brand","embeddable":true,"href":"https:\/\/www.galerie-scrapbooking.com\/en\/wp-json\/wp\/v2\/product_brand?post=7602"},{"taxonomy":"product_cat","embeddable":true,"href":"https:\/\/www.galerie-scrapbooking.com\/en\/wp-json\/wp\/v2\/product_cat?post=7602"},{"taxonomy":"product_tag","embeddable":true,"href":"https:\/\/www.galerie-scrapbooking.com\/en\/wp-json\/wp\/v2\/product_tag?post=7602"}],"curies":[{"name":"wp","href":"https:\/\/api.w.org\/{rel}","templated":true}]}}