{"id":7574,"date":"2020-07-07T17:31:13","date_gmt":"2020-07-07T17:31:13","guid":{"rendered":"https:\/\/commparlimage.ca\/garage\/herazz\/?product=carta-bella-masque-6-x-6-pouces-ancres"},"modified":"2024-02-22T21:29:28","modified_gmt":"2024-02-23T02:29:28","slug":"carta-bella-masque-6-x-6-pouces-ancres","status":"publish","type":"product","link":"https:\/\/www.galerie-scrapbooking.com\/en\/produit\/carta-bella-masque-6-x-6-pouces-ancres\/","title":{"rendered":"Carta Bella Masque 6 X 6 pouces Ancres"},"content":{"rendered":"<p>Masque (stencil, pochoir) de Carta Bella<\/p>\n<p>Parfaits pour utiliser avec le Glimmer Mist, p\u00e2te \u00e0 embosser ou tout autre m\u00e9dium, pour vos cartes de scrapbooking <\/p>\n<p><p>Grandeur: 6 X 6 pouces<\/p>\n<p>\n","protected":false},"excerpt":{"rendered":"<p>Carta Bella Stencil 6&#8243;X6&#8243; &#8211; Anchor<\/p>\n","protected":false},"featured_media":7575,"template":"","meta":{"_acf_changed":false},"product_brand":[],"product_cat":[105,358],"product_tag":[],"class_list":{"0":"post-7574","1":"product","2":"type-product","3":"status-publish","4":"has-post-thumbnail","6":"product_cat-masques-scrapbooking","7":"product_cat-stencil-carta-bella","8":"pa_brand_nc-carta-bella","10":"first","11":"instock","12":"taxable","13":"shipping-taxable","14":"purchasable","15":"product-type-simple"},"acf":[],"aioseo_notices":[],"_links":{"self":[{"href":"https:\/\/www.galerie-scrapbooking.com\/en\/wp-json\/wp\/v2\/product\/7574","targetHints":{"allow":["GET"]}}],"collection":[{"href":"https:\/\/www.galerie-scrapbooking.com\/en\/wp-json\/wp\/v2\/product"}],"about":[{"href":"https:\/\/www.galerie-scrapbooking.com\/en\/wp-json\/wp\/v2\/types\/product"}],"wp:featuredmedia":[{"embeddable":true,"href":"https:\/\/www.galerie-scrapbooking.com\/en\/wp-json\/wp\/v2\/media\/7575"}],"wp:attachment":[{"href":"https:\/\/www.galerie-scrapbooking.com\/en\/wp-json\/wp\/v2\/media?parent=7574"}],"wp:term":[{"taxonomy":"product_brand","embeddable":true,"href":"https:\/\/www.galerie-scrapbooking.com\/en\/wp-json\/wp\/v2\/product_brand?post=7574"},{"taxonomy":"product_cat","embeddable":true,"href":"https:\/\/www.galerie-scrapbooking.com\/en\/wp-json\/wp\/v2\/product_cat?post=7574"},{"taxonomy":"product_tag","embeddable":true,"href":"https:\/\/www.galerie-scrapbooking.com\/en\/wp-json\/wp\/v2\/product_tag?post=7574"}],"curies":[{"name":"wp","href":"https:\/\/api.w.org\/{rel}","templated":true}]}}