{"id":7570,"date":"2020-07-07T17:13:23","date_gmt":"2020-07-07T17:13:23","guid":{"rendered":"https:\/\/commparlimage.ca\/garage\/herazz\/?product=lawn-fawn-matrice-de-decoupe-iris-magique-ajout-scallop"},"modified":"2026-03-03T09:40:05","modified_gmt":"2026-03-03T14:40:05","slug":"lawn-fawn-matrice-de-decoupe-iris-magique-ajout-scallop","status":"publish","type":"product","link":"https:\/\/www.galerie-scrapbooking.com\/en\/produit\/lawn-fawn-matrice-de-decoupe-iris-magique-ajout-scallop\/","title":{"rendered":"Lawn Fawn Matrice de d\u00e9coupe Iris magique ajout scallop"},"content":{"rendered":"<p>Cet ajout &agrave; Magic Iris cr&eacute;e un panneau festonn&eacute; &agrave; superposer sur votre Magic Iris.<\/p>\n<p>Il comprend &eacute;galement une tirette de coordination.<\/p>\n<p>Tailles approximatives:<\/p>\n<p>Cadre cercle festonn&eacute;: 4 &#8220;x 4&#8221;<\/p>\n<p>Ouverture int&eacute;rieure: 1 7\/8 &rdquo;x 1 7\/8&rdquo;<\/p>\n<p>Voici une vid\u00e9o qui vous fait la d\u00e9monstration de ce que l&#8217;on peut faire avec cette matrice et les ajouts (autres matrices compl\u00e9mentaires):<\/p>\n<p><iframe loading=\"lazy\" width=\"560\" height=\"315\" src=\"https:\/\/www.youtube.com\/embed\/MUP8cPbwwYU\" frameborder=\"0\" allow=\"accelerometer; autoplay; encrypted-media; gyroscope; picture-in-picture\" allowfullscreen><\/iframe><\/p>\n","protected":false},"excerpt":{"rendered":"<p>Lawn Cuts Custom Craft Die &#8211; Magic Iris add-on scalopped<\/p>\n","protected":false},"featured_media":7571,"template":"","meta":{"_acf_changed":false},"product_brand":[],"product_cat":[265],"product_tag":[],"class_list":{"0":"post-7570","1":"product","2":"type-product","3":"status-publish","4":"has-post-thumbnail","6":"product_cat-lawn-fawn","7":"pa_brand_nc-lawn-fawn","9":"first","10":"instock","11":"taxable","12":"shipping-taxable","13":"purchasable","14":"product-type-simple"},"acf":[],"aioseo_notices":[],"_links":{"self":[{"href":"https:\/\/www.galerie-scrapbooking.com\/en\/wp-json\/wp\/v2\/product\/7570","targetHints":{"allow":["GET"]}}],"collection":[{"href":"https:\/\/www.galerie-scrapbooking.com\/en\/wp-json\/wp\/v2\/product"}],"about":[{"href":"https:\/\/www.galerie-scrapbooking.com\/en\/wp-json\/wp\/v2\/types\/product"}],"wp:featuredmedia":[{"embeddable":true,"href":"https:\/\/www.galerie-scrapbooking.com\/en\/wp-json\/wp\/v2\/media\/7571"}],"wp:attachment":[{"href":"https:\/\/www.galerie-scrapbooking.com\/en\/wp-json\/wp\/v2\/media?parent=7570"}],"wp:term":[{"taxonomy":"product_brand","embeddable":true,"href":"https:\/\/www.galerie-scrapbooking.com\/en\/wp-json\/wp\/v2\/product_brand?post=7570"},{"taxonomy":"product_cat","embeddable":true,"href":"https:\/\/www.galerie-scrapbooking.com\/en\/wp-json\/wp\/v2\/product_cat?post=7570"},{"taxonomy":"product_tag","embeddable":true,"href":"https:\/\/www.galerie-scrapbooking.com\/en\/wp-json\/wp\/v2\/product_tag?post=7570"}],"curies":[{"name":"wp","href":"https:\/\/api.w.org\/{rel}","templated":true}]}}