{"id":7568,"date":"2020-07-07T16:52:35","date_gmt":"2020-07-07T16:52:35","guid":{"rendered":"https:\/\/commparlimage.ca\/garage\/herazz\/?product=lawn-fawn-matrice-de-decoupe-iris-magique-ajout-1"},"modified":"2024-03-09T12:59:10","modified_gmt":"2024-03-09T17:59:10","slug":"lawn-fawn-matrice-de-decoupe-iris-magique-ajout-1","status":"publish","type":"product","link":"https:\/\/www.galerie-scrapbooking.com\/en\/produit\/lawn-fawn-matrice-de-decoupe-iris-magique-ajout-1\/","title":{"rendered":"Lawn Fawn Matrice de d\u00e9coupe Iris magique ajout 1"},"content":{"rendered":"<p>Cet ajout pour le Magic Iris cr&eacute;e un grand panneau &agrave; superposer sur votre Magic Iris.<\/p>\n<p>Il comprend &eacute;galement une tirette de coordination.<\/p>\n<p>Tailles approximatives:<\/p>\n<p>Cadre rectangulaire: 3 3\/8 &rdquo;x 5 1\/8&rdquo;<\/p>\n<p>Ouverture int&eacute;rieure: 1 7\/8 &rdquo;x 1 7\/8&rdquo;<\/p>\n<p>Voici une vid\u00e9o qui vous fait la d\u00e9monstration de ce que l&#8217;on peut faire avec cette matrice et les ajouts (autres matrices compl\u00e9mentaires):<\/p>\n<p><iframe loading=\"lazy\" width=\"560\" height=\"315\" src=\"https:\/\/www.youtube.com\/embed\/MUP8cPbwwYU\" frameborder=\"0\" allow=\"accelerometer; autoplay; encrypted-media; gyroscope; picture-in-picture\" allowfullscreen><\/iframe><\/p>\n","protected":false},"excerpt":{"rendered":"<p>Lawn Cuts Custom Craft Die &#8211; Magic Iris add-on<\/p>\n","protected":false},"featured_media":7569,"template":"","meta":{"_acf_changed":false},"product_brand":[],"product_cat":[265],"product_tag":[],"class_list":{"0":"post-7568","1":"product","2":"type-product","3":"status-publish","4":"has-post-thumbnail","6":"product_cat-lawn-fawn","7":"pa_brand_nc-lawn-fawn","9":"first","10":"instock","11":"taxable","12":"shipping-taxable","13":"purchasable","14":"product-type-simple"},"acf":[],"aioseo_notices":[],"_links":{"self":[{"href":"https:\/\/www.galerie-scrapbooking.com\/en\/wp-json\/wp\/v2\/product\/7568","targetHints":{"allow":["GET"]}}],"collection":[{"href":"https:\/\/www.galerie-scrapbooking.com\/en\/wp-json\/wp\/v2\/product"}],"about":[{"href":"https:\/\/www.galerie-scrapbooking.com\/en\/wp-json\/wp\/v2\/types\/product"}],"wp:featuredmedia":[{"embeddable":true,"href":"https:\/\/www.galerie-scrapbooking.com\/en\/wp-json\/wp\/v2\/media\/7569"}],"wp:attachment":[{"href":"https:\/\/www.galerie-scrapbooking.com\/en\/wp-json\/wp\/v2\/media?parent=7568"}],"wp:term":[{"taxonomy":"product_brand","embeddable":true,"href":"https:\/\/www.galerie-scrapbooking.com\/en\/wp-json\/wp\/v2\/product_brand?post=7568"},{"taxonomy":"product_cat","embeddable":true,"href":"https:\/\/www.galerie-scrapbooking.com\/en\/wp-json\/wp\/v2\/product_cat?post=7568"},{"taxonomy":"product_tag","embeddable":true,"href":"https:\/\/www.galerie-scrapbooking.com\/en\/wp-json\/wp\/v2\/product_tag?post=7568"}],"curies":[{"name":"wp","href":"https:\/\/api.w.org\/{rel}","templated":true}]}}