{"id":7554,"date":"2020-06-30T20:07:07","date_gmt":"2020-06-30T20:07:07","guid":{"rendered":"https:\/\/commparlimage.ca\/garage\/herazz\/?product=tattered-lace-dies-casse-tete-cercle"},"modified":"2023-12-26T12:39:21","modified_gmt":"2023-12-26T17:39:21","slug":"tattered-lace-dies-casse-tete-cercle","status":"publish","type":"product","link":"https:\/\/www.galerie-scrapbooking.com\/en\/produit\/tattered-lace-dies-casse-tete-cercle\/","title":{"rendered":"Tattered Lace Dies Casse-T\u00eate Cercle"},"content":{"rendered":"<p>La matrice de puzzle Tattered Lace comprend un puzzle circulaire compos\u00e9 de 73 pi\u00e8ces, et un cadre circulairepour cr\u00e9er des couches dimensionnelles et des types de cr\u00e9ations de puzzle vari\u00e9s.<\/p>\n<p>Le CD contient des images et des alphabets pour cr\u00e9er vos propres projets personnalis\u00e9s en utilisant le Circle Jigsaw Die avec ce CD-ROM!<\/p>\n<p>2 matrices et 1 CD<\/p>\n<p>Matrice de puzzle: 5,90 &#8220;x 5,90&#8221;<\/p>\n<p>Matrice solide ext\u00e9rieure: 6,10 &#8220;x 6,10&#8221;<\/p>\n<p><strong>Note: <\/strong>La partie &#8220;Puzzle 5,90 &#8220;x 5,90&#8243; &#8221; peut \u00eatre d\u00e9coup\u00e9e avec des appareils comme la Big shot, Vagabond, Cuttlebug\u00a0 et autre appareil de ce format (largeur de la fente) mais<strong> l<\/strong>e &#8220;cadre circulaire matrice solide ext\u00e9rieure 6,10 &#8220;x 6,10&#8221; &#8220;se d\u00e9coupe avec un appareil qui permet les d\u00e9coupes plus larges tel que l&#8217;appareil Platinum ou Grand Calibur car cette matrice est un plus large.<\/p>\n","protected":false},"excerpt":{"rendered":"<p>Tattered Lace Dies &#8211; Circle Jigsaw Die and CD Set<\/p>\n","protected":false},"featured_media":7555,"template":"","meta":{"_acf_changed":false},"product_brand":[],"product_cat":[182],"product_tag":[],"class_list":{"0":"post-7554","1":"product","2":"type-product","3":"status-publish","4":"has-post-thumbnail","6":"product_cat-decoupes-autres-scrapbooking","7":"pa_brand_nc-tattered-lace","9":"first","10":"instock","11":"taxable","12":"shipping-taxable","13":"purchasable","14":"product-type-simple"},"acf":[],"aioseo_notices":[],"_links":{"self":[{"href":"https:\/\/www.galerie-scrapbooking.com\/en\/wp-json\/wp\/v2\/product\/7554","targetHints":{"allow":["GET"]}}],"collection":[{"href":"https:\/\/www.galerie-scrapbooking.com\/en\/wp-json\/wp\/v2\/product"}],"about":[{"href":"https:\/\/www.galerie-scrapbooking.com\/en\/wp-json\/wp\/v2\/types\/product"}],"wp:featuredmedia":[{"embeddable":true,"href":"https:\/\/www.galerie-scrapbooking.com\/en\/wp-json\/wp\/v2\/media\/7555"}],"wp:attachment":[{"href":"https:\/\/www.galerie-scrapbooking.com\/en\/wp-json\/wp\/v2\/media?parent=7554"}],"wp:term":[{"taxonomy":"product_brand","embeddable":true,"href":"https:\/\/www.galerie-scrapbooking.com\/en\/wp-json\/wp\/v2\/product_brand?post=7554"},{"taxonomy":"product_cat","embeddable":true,"href":"https:\/\/www.galerie-scrapbooking.com\/en\/wp-json\/wp\/v2\/product_cat?post=7554"},{"taxonomy":"product_tag","embeddable":true,"href":"https:\/\/www.galerie-scrapbooking.com\/en\/wp-json\/wp\/v2\/product_tag?post=7554"}],"curies":[{"name":"wp","href":"https:\/\/api.w.org\/{rel}","templated":true}]}}