{"id":7523,"date":"2020-06-10T19:02:05","date_gmt":"2020-06-10T19:02:05","guid":{"rendered":"https:\/\/commparlimage.ca\/garage\/herazz\/?product=gel-press-ronde-8"},"modified":"2023-12-23T11:25:17","modified_gmt":"2023-12-23T16:25:17","slug":"gel-press-ronde-8","status":"publish","type":"product","link":"https:\/\/www.galerie-scrapbooking.com\/en\/produit\/gel-press-ronde-8\/","title":{"rendered":"Gel Press Ronde 8&#8243;"},"content":{"rendered":"<h1>Gel Press<\/h1>\n<p>Avec le &#8220;Gel Plate&#8221; vous avez tous les b\u00e9n\u00e9fices de l&#8217;impression avec la g\u00e9latine sans les inconv\u00e9vients.<\/p>\n<p>Les &#8220;Gel Press&#8221; sont super durables et r\u00e9utilisables car vous pouvez les entreposer \u00e0 la temp\u00e9rature de la pi\u00e8ce.<\/p>\n<p>Faciles \u00e0 nettoyer, vous pouvez imprimer sans d\u00e9g\u00e2ts. \u00a0Vous pouvez vous en servir avec le rouleau &#8221; brayer &#8221; , de la peinture et des stencils pour un r\u00e9sultat des plus impressionnant!<\/p>\n<p>Format : 8.0 pouces<\/p>\n<p>Voici une vid\u00e9o pr\u00e9sentant plusieurs exemples r\u00e9alis\u00e9s avec le Gel Press<\/p>\n<p><iframe loading=\"lazy\" src=\"https:\/\/www.youtube.com\/embed\/7vqOX489Tag\" width=\"450\" height=\"253\" frameborder=\"0\" allowfullscreen=\"allowfullscreen\"><\/iframe><\/p>\n","protected":false},"excerpt":{"rendered":"<p>Gel Press Gel Circle 8&#8243;<\/p>\n","protected":false},"featured_media":7524,"template":"","meta":{"_acf_changed":false},"product_brand":[],"product_cat":[123,387],"product_tag":[],"class_list":{"0":"post-7523","1":"product","2":"type-product","3":"status-publish","4":"has-post-thumbnail","6":"product_cat-etampe-scrapbooking-accessoires","7":"product_cat-gel-press","8":"pa_brand_nc-autres","10":"first","11":"instock","12":"taxable","13":"shipping-taxable","14":"purchasable","15":"product-type-simple"},"acf":[],"aioseo_notices":[],"_links":{"self":[{"href":"https:\/\/www.galerie-scrapbooking.com\/en\/wp-json\/wp\/v2\/product\/7523","targetHints":{"allow":["GET"]}}],"collection":[{"href":"https:\/\/www.galerie-scrapbooking.com\/en\/wp-json\/wp\/v2\/product"}],"about":[{"href":"https:\/\/www.galerie-scrapbooking.com\/en\/wp-json\/wp\/v2\/types\/product"}],"wp:featuredmedia":[{"embeddable":true,"href":"https:\/\/www.galerie-scrapbooking.com\/en\/wp-json\/wp\/v2\/media\/7524"}],"wp:attachment":[{"href":"https:\/\/www.galerie-scrapbooking.com\/en\/wp-json\/wp\/v2\/media?parent=7523"}],"wp:term":[{"taxonomy":"product_brand","embeddable":true,"href":"https:\/\/www.galerie-scrapbooking.com\/en\/wp-json\/wp\/v2\/product_brand?post=7523"},{"taxonomy":"product_cat","embeddable":true,"href":"https:\/\/www.galerie-scrapbooking.com\/en\/wp-json\/wp\/v2\/product_cat?post=7523"},{"taxonomy":"product_tag","embeddable":true,"href":"https:\/\/www.galerie-scrapbooking.com\/en\/wp-json\/wp\/v2\/product_tag?post=7523"}],"curies":[{"name":"wp","href":"https:\/\/api.w.org\/{rel}","templated":true}]}}