{"id":7512,"date":"2020-06-09T11:59:14","date_gmt":"2020-06-09T11:59:14","guid":{"rendered":"https:\/\/commparlimage.ca\/garage\/herazz\/?product=karen-burniston-dies-gateau-pop-up"},"modified":"2024-03-25T11:16:07","modified_gmt":"2024-03-25T15:16:07","slug":"karen-burniston-dies-gateau-pop-up","status":"publish","type":"product","link":"https:\/\/www.galerie-scrapbooking.com\/en\/produit\/karen-burniston-dies-gateau-pop-up\/","title":{"rendered":"Karen Burniston Dies G\u00e2teau Pop-Up"},"content":{"rendered":"<p>Les matrices Karen Burniston donneront une touche suppl\u00e9mentaire \u00e0 tout projet de scrapbooking et sont compatibles avec la plupart des machines de d\u00e9coupe.<\/p>\n<p>Ce paquet contient un ensemble de 10 matrices m\u00e9talliques mesurant entre 0,375 x 1,25 pouces et 4,5 x 3,125 pouces.<\/p>\n<p>Vid\u00e9o de d\u00e9monstration:<\/p>\n<p><iframe loading=\"lazy\" src=\"https:\/\/www.youtube.com\/embed\/SEOBLR2GjHQ\" width=\"560\" height=\"315\" frameborder=\"0\" allowfullscreen=\"allowfullscreen\"><\/iframe><\/p>\n","protected":false},"excerpt":{"rendered":"<p>Karen Burniston Dies &#8211; Cake Pop-Up<\/p>\n","protected":false},"featured_media":7513,"template":"","meta":{"_acf_changed":false},"product_brand":[],"product_cat":[351],"product_tag":[],"class_list":{"0":"post-7512","1":"product","2":"type-product","3":"status-publish","4":"has-post-thumbnail","6":"product_cat-karen-burniston-dies-matrices-decoupes","7":"pa_brand_nc-karen-burniston","9":"first","10":"instock","11":"taxable","12":"shipping-taxable","13":"purchasable","14":"product-type-simple"},"acf":[],"aioseo_notices":[],"_links":{"self":[{"href":"https:\/\/www.galerie-scrapbooking.com\/en\/wp-json\/wp\/v2\/product\/7512","targetHints":{"allow":["GET"]}}],"collection":[{"href":"https:\/\/www.galerie-scrapbooking.com\/en\/wp-json\/wp\/v2\/product"}],"about":[{"href":"https:\/\/www.galerie-scrapbooking.com\/en\/wp-json\/wp\/v2\/types\/product"}],"wp:featuredmedia":[{"embeddable":true,"href":"https:\/\/www.galerie-scrapbooking.com\/en\/wp-json\/wp\/v2\/media\/7513"}],"wp:attachment":[{"href":"https:\/\/www.galerie-scrapbooking.com\/en\/wp-json\/wp\/v2\/media?parent=7512"}],"wp:term":[{"taxonomy":"product_brand","embeddable":true,"href":"https:\/\/www.galerie-scrapbooking.com\/en\/wp-json\/wp\/v2\/product_brand?post=7512"},{"taxonomy":"product_cat","embeddable":true,"href":"https:\/\/www.galerie-scrapbooking.com\/en\/wp-json\/wp\/v2\/product_cat?post=7512"},{"taxonomy":"product_tag","embeddable":true,"href":"https:\/\/www.galerie-scrapbooking.com\/en\/wp-json\/wp\/v2\/product_tag?post=7512"}],"curies":[{"name":"wp","href":"https:\/\/api.w.org\/{rel}","templated":true}]}}