{"id":7503,"date":"2020-06-03T19:01:27","date_gmt":"2020-06-03T19:01:27","guid":{"rendered":"https:\/\/commparlimage.ca\/garage\/herazz\/?product=lavinia-etampe-chateau-de-pierre-du-dragon"},"modified":"2026-04-06T13:35:21","modified_gmt":"2026-04-06T17:35:21","slug":"lavinia-etampe-chateau-de-pierre-du-dragon","status":"publish","type":"product","link":"https:\/\/www.galerie-scrapbooking.com\/en\/produit\/lavinia-etampe-chateau-de-pierre-du-dragon\/","title":{"rendered":"Lavinia \u00c9tampe Ch\u00e2teau de pierre du dragon"},"content":{"rendered":"<h1>Lavinia \u00c9tampe Ch\u00e2teau de pierre du dragon<\/h1>\n<p>Cette \u00e9tampe-silhouette atmosph\u00e9rique montre un ch\u00e2teau avec sept tourelles et de nombreuses fen\u00eatres.<\/p>\n<p>L&#8217;\u00e9tampe parfaite pour une sc\u00e8ne avec les \u00e9tampes de dragon ou de f\u00e9es.<\/p>\n<p>N\u00e9cessite l&#8217;utilisation d&#8217;un bloc acrylique.<\/p>\n<p>Dimension approximative:<\/p>\n<p>10.0 x 4.5 cm..<\/p>\n","protected":false},"excerpt":{"rendered":"<p>Lavinia Stamp &#8211; Dragon Stone Castle<\/p>\n","protected":false},"featured_media":7504,"template":"","meta":{"_acf_changed":false},"product_brand":[],"product_cat":[342,424],"product_tag":[],"class_list":{"0":"post-7503","1":"product","2":"type-product","3":"status-publish","4":"has-post-thumbnail","6":"product_cat-etampes-lavinia","7":"product_cat-mystique-zen","8":"pa_brand_nc-lavinia","10":"first","11":"instock","12":"taxable","13":"shipping-taxable","14":"purchasable","15":"product-type-simple"},"acf":[],"aioseo_notices":[],"_links":{"self":[{"href":"https:\/\/www.galerie-scrapbooking.com\/en\/wp-json\/wp\/v2\/product\/7503","targetHints":{"allow":["GET"]}}],"collection":[{"href":"https:\/\/www.galerie-scrapbooking.com\/en\/wp-json\/wp\/v2\/product"}],"about":[{"href":"https:\/\/www.galerie-scrapbooking.com\/en\/wp-json\/wp\/v2\/types\/product"}],"wp:featuredmedia":[{"embeddable":true,"href":"https:\/\/www.galerie-scrapbooking.com\/en\/wp-json\/wp\/v2\/media\/7504"}],"wp:attachment":[{"href":"https:\/\/www.galerie-scrapbooking.com\/en\/wp-json\/wp\/v2\/media?parent=7503"}],"wp:term":[{"taxonomy":"product_brand","embeddable":true,"href":"https:\/\/www.galerie-scrapbooking.com\/en\/wp-json\/wp\/v2\/product_brand?post=7503"},{"taxonomy":"product_cat","embeddable":true,"href":"https:\/\/www.galerie-scrapbooking.com\/en\/wp-json\/wp\/v2\/product_cat?post=7503"},{"taxonomy":"product_tag","embeddable":true,"href":"https:\/\/www.galerie-scrapbooking.com\/en\/wp-json\/wp\/v2\/product_tag?post=7503"}],"curies":[{"name":"wp","href":"https:\/\/api.w.org\/{rel}","templated":true}]}}