{"id":7497,"date":"2020-06-03T18:49:25","date_gmt":"2020-06-03T18:49:25","guid":{"rendered":"https:\/\/commparlimage.ca\/garage\/herazz\/?product=lavinia-etampe-ensemble-darbres"},"modified":"2026-04-18T14:17:08","modified_gmt":"2026-04-18T18:17:08","slug":"lavinia-etampe-ensemble-d-arbres","status":"publish","type":"product","link":"https:\/\/www.galerie-scrapbooking.com\/en\/produit\/lavinia-etampe-ensemble-d-arbres\/","title":{"rendered":"Lavinia \u00c9tampe Ensemble d&#8217;Arbres"},"content":{"rendered":"<h1>Lavinia \u00c9tampe Ensemble d&#8217;Arbres<\/h1>\n<p>Un ensemble de cinq petites silhouettes d\u2019arbres.<\/p>\n<p>Avec quatre \u00e9tampes d&#8217;arbre individuel et un bloc de haie, c&#8217;est un joli ensemble pour cr\u00e9er votre propre for\u00eat lointaine.<\/p>\n<p>Dimension approximative:<\/p>\n<p>2.0 x 3.5 cm. &#8211; 6.0 x 1.25 cm..<\/p>\n","protected":false},"excerpt":{"rendered":"<p>Lavinia Stamp &#8211; Tree Scene<\/p>\n","protected":false},"featured_media":7498,"template":"","meta":{"_acf_changed":false},"product_brand":[],"product_cat":[420,342],"product_tag":[],"class_list":{"0":"post-7497","1":"product","2":"type-product","3":"status-publish","4":"has-post-thumbnail","6":"product_cat-arbre-paysage","7":"product_cat-etampes-lavinia","8":"pa_brand_nc-lavinia","10":"first","11":"instock","12":"taxable","13":"shipping-taxable","14":"purchasable","15":"product-type-simple"},"acf":[],"aioseo_notices":[],"_links":{"self":[{"href":"https:\/\/www.galerie-scrapbooking.com\/en\/wp-json\/wp\/v2\/product\/7497","targetHints":{"allow":["GET"]}}],"collection":[{"href":"https:\/\/www.galerie-scrapbooking.com\/en\/wp-json\/wp\/v2\/product"}],"about":[{"href":"https:\/\/www.galerie-scrapbooking.com\/en\/wp-json\/wp\/v2\/types\/product"}],"wp:featuredmedia":[{"embeddable":true,"href":"https:\/\/www.galerie-scrapbooking.com\/en\/wp-json\/wp\/v2\/media\/7498"}],"wp:attachment":[{"href":"https:\/\/www.galerie-scrapbooking.com\/en\/wp-json\/wp\/v2\/media?parent=7497"}],"wp:term":[{"taxonomy":"product_brand","embeddable":true,"href":"https:\/\/www.galerie-scrapbooking.com\/en\/wp-json\/wp\/v2\/product_brand?post=7497"},{"taxonomy":"product_cat","embeddable":true,"href":"https:\/\/www.galerie-scrapbooking.com\/en\/wp-json\/wp\/v2\/product_cat?post=7497"},{"taxonomy":"product_tag","embeddable":true,"href":"https:\/\/www.galerie-scrapbooking.com\/en\/wp-json\/wp\/v2\/product_tag?post=7497"}],"curies":[{"name":"wp","href":"https:\/\/api.w.org\/{rel}","templated":true}]}}