{"id":7469,"date":"2020-05-28T15:37:04","date_gmt":"2020-05-28T15:37:04","guid":{"rendered":"https:\/\/commparlimage.ca\/garage\/herazz\/?product=doodlebug-embellisements-emailles-etoiles"},"modified":"2025-11-26T11:49:12","modified_gmt":"2025-11-26T16:49:12","slug":"doodlebug-embellisements-emailles-etoiles","status":"publish","type":"product","link":"https:\/\/www.galerie-scrapbooking.com\/en\/produit\/doodlebug-embellisements-emailles-etoiles\/","title":{"rendered":"Doodlebug Embellisements \u00e9maill\u00e9s \u00c9toiles"},"content":{"rendered":"<p>De Doodlebug , de jolis embellissements autocollants pour embellir vos cartes ou pages de scrapbooking.<\/p>\n<p>Chaque paquet contient 72 embellissements.<\/p>\n","protected":false},"excerpt":{"rendered":"<p>Doodlebug Sprinkles Adhesive Enamel Shapes &#8211; Star-Fetti, Party Time<\/p>\n","protected":false},"featured_media":7470,"template":"","meta":{"_acf_changed":false},"product_brand":[],"product_cat":[110,84,55],"product_tag":[],"class_list":{"0":"post-7469","1":"product","2":"type-product","3":"status-publish","4":"has-post-thumbnail","6":"product_cat-embellissement-scrapbooking-autres","7":"product_cat-bijou-autre-scrapbooking","8":"product_cat-doodlebug-autocollants","9":"pa_brand_nc-doodlebug","11":"first","12":"instock","13":"taxable","14":"shipping-taxable","15":"purchasable","16":"product-type-simple"},"acf":[],"aioseo_notices":[],"_links":{"self":[{"href":"https:\/\/www.galerie-scrapbooking.com\/en\/wp-json\/wp\/v2\/product\/7469","targetHints":{"allow":["GET"]}}],"collection":[{"href":"https:\/\/www.galerie-scrapbooking.com\/en\/wp-json\/wp\/v2\/product"}],"about":[{"href":"https:\/\/www.galerie-scrapbooking.com\/en\/wp-json\/wp\/v2\/types\/product"}],"wp:featuredmedia":[{"embeddable":true,"href":"https:\/\/www.galerie-scrapbooking.com\/en\/wp-json\/wp\/v2\/media\/7470"}],"wp:attachment":[{"href":"https:\/\/www.galerie-scrapbooking.com\/en\/wp-json\/wp\/v2\/media?parent=7469"}],"wp:term":[{"taxonomy":"product_brand","embeddable":true,"href":"https:\/\/www.galerie-scrapbooking.com\/en\/wp-json\/wp\/v2\/product_brand?post=7469"},{"taxonomy":"product_cat","embeddable":true,"href":"https:\/\/www.galerie-scrapbooking.com\/en\/wp-json\/wp\/v2\/product_cat?post=7469"},{"taxonomy":"product_tag","embeddable":true,"href":"https:\/\/www.galerie-scrapbooking.com\/en\/wp-json\/wp\/v2\/product_tag?post=7469"}],"curies":[{"name":"wp","href":"https:\/\/api.w.org\/{rel}","templated":true}]}}