{"id":7389,"date":"2020-05-06T13:34:14","date_gmt":"2020-05-06T13:34:14","guid":{"rendered":"https:\/\/commparlimage.ca\/garage\/herazz\/?product=carta-bella-masque-6-x-6-pouces-papier-ligne"},"modified":"2024-07-11T10:25:42","modified_gmt":"2024-07-11T14:25:42","slug":"carta-bella-masque-6-x-6-pouces-papier-ligne","status":"publish","type":"product","link":"https:\/\/www.galerie-scrapbooking.com\/en\/produit\/carta-bella-masque-6-x-6-pouces-papier-ligne\/","title":{"rendered":"Carta Bella Masque 6 X 6 pouces Papier lign\u00e9"},"content":{"rendered":"<p>Masque (stencil, pochoir) de Carta Bella<\/p>\n<p>Parfaits pour utiliser avec le Glimmer Mist, p\u00e2te \u00e0 embosser ou tout autre m\u00e9dium, pour vos cartes de scrapbooking <\/p>\n<p><p>Grandeur: 6 X 6 pouces<\/p>\n<p>\n","protected":false},"excerpt":{"rendered":"<p>Carta Bella Stencil 6&#8243;X6&#8243; &#8211; Lined Paper<\/p>\n","protected":false},"featured_media":7390,"template":"","meta":{"_acf_changed":false},"product_brand":[],"product_cat":[105,358],"product_tag":[],"class_list":{"0":"post-7389","1":"product","2":"type-product","3":"status-publish","4":"has-post-thumbnail","6":"product_cat-masques-scrapbooking","7":"product_cat-stencil-carta-bella","8":"pa_brand_nc-carta-bella","10":"first","11":"instock","12":"taxable","13":"shipping-taxable","14":"purchasable","15":"product-type-simple"},"acf":[],"aioseo_notices":[],"_links":{"self":[{"href":"https:\/\/www.galerie-scrapbooking.com\/en\/wp-json\/wp\/v2\/product\/7389","targetHints":{"allow":["GET"]}}],"collection":[{"href":"https:\/\/www.galerie-scrapbooking.com\/en\/wp-json\/wp\/v2\/product"}],"about":[{"href":"https:\/\/www.galerie-scrapbooking.com\/en\/wp-json\/wp\/v2\/types\/product"}],"wp:featuredmedia":[{"embeddable":true,"href":"https:\/\/www.galerie-scrapbooking.com\/en\/wp-json\/wp\/v2\/media\/7390"}],"wp:attachment":[{"href":"https:\/\/www.galerie-scrapbooking.com\/en\/wp-json\/wp\/v2\/media?parent=7389"}],"wp:term":[{"taxonomy":"product_brand","embeddable":true,"href":"https:\/\/www.galerie-scrapbooking.com\/en\/wp-json\/wp\/v2\/product_brand?post=7389"},{"taxonomy":"product_cat","embeddable":true,"href":"https:\/\/www.galerie-scrapbooking.com\/en\/wp-json\/wp\/v2\/product_cat?post=7389"},{"taxonomy":"product_tag","embeddable":true,"href":"https:\/\/www.galerie-scrapbooking.com\/en\/wp-json\/wp\/v2\/product_tag?post=7389"}],"curies":[{"name":"wp","href":"https:\/\/api.w.org\/{rel}","templated":true}]}}