{"id":7379,"date":"2020-05-01T12:13:57","date_gmt":"2020-05-01T12:13:57","guid":{"rendered":"https:\/\/commparlimage.ca\/garage\/herazz\/?product=50-pochettes-de-rangement-grande-55x7375"},"modified":"2026-03-01T13:45:21","modified_gmt":"2026-03-01T18:45:21","slug":"50-pochettes-de-rangement-grande-5-5-x7-375","status":"publish","type":"product","link":"https:\/\/www.galerie-scrapbooking.com\/en\/produit\/50-pochettes-de-rangement-grande-5-5-x7-375\/","title":{"rendered":"50 Pochettes de rangement grande 5.5&#8243;X7.375&#8243;"},"content":{"rendered":"<h1>50 Pochettes de rangement grande<\/h1>\n<p>Pochettes de rangement Avery Elle<\/p>\n<p>Les grandes poches de rangement pour \u00e9tampes et matrices Avery Elle stockent en toute s\u00e9curit\u00e9 vos \u00e9tampes, matrices de d\u00e9coupeset plus encore.<\/p>\n<p>Chaque pochette peut contenir une \u00e9tampe 4&#215;6 ou deux \u00e9tampes 4 x 3 pouces.<\/p>\n<p>Chaque pochette mesure 5,5 x 7,375 pouces et comprend un rabat qui se replie pour garder vos \u00e9tampes et matrices en s\u00e9curit\u00e9 dans la poche.<\/p>\n<p>Fait d&#8217;un plastique clair \/ transparent de 4 mil.<\/p>\n<p>Vid\u00e9o de d\u00e9monstration:<\/p>\n<p><iframe loading=\"lazy\" src=\"https:\/\/www.youtube.com\/embed\/sjrR5GHsZNg\" width=\"560\" height=\"315\" frameborder=\"0\" allowfullscreen=\"allowfullscreen\"><\/iframe><\/p>\n","protected":false},"excerpt":{"rendered":"<p>Avery Elle Stamp &amp; Die Storage Pockets 50\/Pkg &#8211; Large 5.5&#8243;X7.375&#8243;<\/p>\n","protected":false},"featured_media":7380,"template":"","meta":{"_acf_changed":false},"product_brand":[],"product_cat":[123,238],"product_tag":[],"class_list":{"0":"post-7379","1":"product","2":"type-product","3":"status-publish","4":"has-post-thumbnail","6":"product_cat-etampe-scrapbooking-accessoires","7":"product_cat-rangements-scrapbooking","8":"pa_brand_nc-autres","10":"first","11":"instock","12":"taxable","13":"shipping-taxable","14":"purchasable","15":"product-type-simple"},"acf":[],"aioseo_notices":[],"_links":{"self":[{"href":"https:\/\/www.galerie-scrapbooking.com\/en\/wp-json\/wp\/v2\/product\/7379","targetHints":{"allow":["GET"]}}],"collection":[{"href":"https:\/\/www.galerie-scrapbooking.com\/en\/wp-json\/wp\/v2\/product"}],"about":[{"href":"https:\/\/www.galerie-scrapbooking.com\/en\/wp-json\/wp\/v2\/types\/product"}],"wp:featuredmedia":[{"embeddable":true,"href":"https:\/\/www.galerie-scrapbooking.com\/en\/wp-json\/wp\/v2\/media\/7380"}],"wp:attachment":[{"href":"https:\/\/www.galerie-scrapbooking.com\/en\/wp-json\/wp\/v2\/media?parent=7379"}],"wp:term":[{"taxonomy":"product_brand","embeddable":true,"href":"https:\/\/www.galerie-scrapbooking.com\/en\/wp-json\/wp\/v2\/product_brand?post=7379"},{"taxonomy":"product_cat","embeddable":true,"href":"https:\/\/www.galerie-scrapbooking.com\/en\/wp-json\/wp\/v2\/product_cat?post=7379"},{"taxonomy":"product_tag","embeddable":true,"href":"https:\/\/www.galerie-scrapbooking.com\/en\/wp-json\/wp\/v2\/product_tag?post=7379"}],"curies":[{"name":"wp","href":"https:\/\/api.w.org\/{rel}","templated":true}]}}