{"id":7281,"date":"2020-04-08T11:54:15","date_gmt":"2020-04-08T11:54:15","guid":{"rendered":"https:\/\/commparlimage.ca\/garage\/herazz\/?product=lavivia-ensemble-8-x-8-colourburst"},"modified":"2026-02-05T13:10:49","modified_gmt":"2026-02-05T18:10:49","slug":"lavivia-ensemble-8-x-8-colourburst","status":"publish","type":"product","link":"https:\/\/www.galerie-scrapbooking.com\/en\/produit\/lavivia-ensemble-8-x-8-colourburst\/","title":{"rendered":"Lavivia Ensemble 8&#8243; x 8&#8243; Colourburst"},"content":{"rendered":"<p>Les couleurs vives de Dreamscapes Colourburst sont pr\u00e9sent\u00e9es dans un livre de trente cartes 8 \u00d7 8 pouces recto-verso dans dix mod\u00e8les uniques.<\/p>\n<p>Parfait pour des cartes de voeux ou des pages de scrapbooking.<\/p>\n","protected":false},"excerpt":{"rendered":"<p>Lavinia Dreamscape Papers. The Colourburst Collection<\/p>\n","protected":false},"featured_media":7282,"template":"","meta":{"_acf_changed":false},"product_brand":[],"product_cat":[410,342],"product_tag":[],"class_list":{"0":"post-7281","1":"product","2":"type-product","3":"status-publish","4":"has-post-thumbnail","6":"product_cat-papiers-scrapbooking-8x8","7":"product_cat-etampes-lavinia","8":"pa_brand_nc-lavinia","10":"first","11":"instock","12":"taxable","13":"shipping-taxable","14":"purchasable","15":"product-type-simple"},"acf":[],"aioseo_notices":[],"_links":{"self":[{"href":"https:\/\/www.galerie-scrapbooking.com\/en\/wp-json\/wp\/v2\/product\/7281","targetHints":{"allow":["GET"]}}],"collection":[{"href":"https:\/\/www.galerie-scrapbooking.com\/en\/wp-json\/wp\/v2\/product"}],"about":[{"href":"https:\/\/www.galerie-scrapbooking.com\/en\/wp-json\/wp\/v2\/types\/product"}],"wp:featuredmedia":[{"embeddable":true,"href":"https:\/\/www.galerie-scrapbooking.com\/en\/wp-json\/wp\/v2\/media\/7282"}],"wp:attachment":[{"href":"https:\/\/www.galerie-scrapbooking.com\/en\/wp-json\/wp\/v2\/media?parent=7281"}],"wp:term":[{"taxonomy":"product_brand","embeddable":true,"href":"https:\/\/www.galerie-scrapbooking.com\/en\/wp-json\/wp\/v2\/product_brand?post=7281"},{"taxonomy":"product_cat","embeddable":true,"href":"https:\/\/www.galerie-scrapbooking.com\/en\/wp-json\/wp\/v2\/product_cat?post=7281"},{"taxonomy":"product_tag","embeddable":true,"href":"https:\/\/www.galerie-scrapbooking.com\/en\/wp-json\/wp\/v2\/product_tag?post=7281"}],"curies":[{"name":"wp","href":"https:\/\/api.w.org\/{rel}","templated":true}]}}