{"id":7222,"date":"2020-03-18T14:21:42","date_gmt":"2020-03-18T14:21:42","guid":{"rendered":"https:\/\/commparlimage.ca\/garage\/herazz\/?product=tim-holtz-souffleur-alcohol-ink"},"modified":"2025-11-22T19:36:56","modified_gmt":"2025-11-23T00:36:56","slug":"tim-holtz-souffleur-alcohol-ink","status":"publish","type":"product","link":"https:\/\/www.galerie-scrapbooking.com\/en\/produit\/tim-holtz-souffleur-alcohol-ink\/","title":{"rendered":"Tim Holtz Souffleur Alcohol Ink"},"content":{"rendered":"<h1>Tim Holtz Souffleur Alcohol Ink<\/h1>\n<p>Un outil portatif pratique pour manipuler le mouvement de l&#8217;encre alcohol avec de l&#8217;air.<\/p>\n<p>L&#8217;ampoule \u00e0 compression en caoutchouc vous permet de contr\u00f4ler le d\u00e9bit d&#8217;air en ajustant la quantit\u00e9 de pression que vous utilisez.<\/p>\n<p>Ce paquet de 3,75 x 9,25 x 2,5 pouces contient un souffleur d&#8217;encre alcohol.<\/p>\n<p>Voici une vid\u00e9o de Tim Holtz :<\/p>\n<p><iframe loading=\"lazy\" src=\"https:\/\/www.youtube.com\/embed\/IFqE_GV9TbI\" width=\"560\" height=\"315\" frameborder=\"0\" allowfullscreen=\"allowfullscreen\"><\/iframe><\/p>\n","protected":false},"excerpt":{"rendered":"<p>Tim Holtz Alcohol Ink Blower<\/p>\n","protected":false},"featured_media":7223,"template":"","meta":{"_acf_changed":false},"product_brand":[],"product_cat":[115,114,386],"product_tag":[],"class_list":{"0":"post-7222","1":"product","2":"type-product","3":"status-publish","4":"has-post-thumbnail","6":"product_cat-encres-accessoires","7":"product_cat-alcohol-ink","8":"product_cat-tim-holtz-ranger","9":"pa_brand_nc-tim-holtz","11":"first","12":"instock","13":"taxable","14":"shipping-taxable","15":"purchasable","16":"product-type-simple"},"acf":[],"aioseo_notices":[],"_links":{"self":[{"href":"https:\/\/www.galerie-scrapbooking.com\/en\/wp-json\/wp\/v2\/product\/7222","targetHints":{"allow":["GET"]}}],"collection":[{"href":"https:\/\/www.galerie-scrapbooking.com\/en\/wp-json\/wp\/v2\/product"}],"about":[{"href":"https:\/\/www.galerie-scrapbooking.com\/en\/wp-json\/wp\/v2\/types\/product"}],"wp:featuredmedia":[{"embeddable":true,"href":"https:\/\/www.galerie-scrapbooking.com\/en\/wp-json\/wp\/v2\/media\/7223"}],"wp:attachment":[{"href":"https:\/\/www.galerie-scrapbooking.com\/en\/wp-json\/wp\/v2\/media?parent=7222"}],"wp:term":[{"taxonomy":"product_brand","embeddable":true,"href":"https:\/\/www.galerie-scrapbooking.com\/en\/wp-json\/wp\/v2\/product_brand?post=7222"},{"taxonomy":"product_cat","embeddable":true,"href":"https:\/\/www.galerie-scrapbooking.com\/en\/wp-json\/wp\/v2\/product_cat?post=7222"},{"taxonomy":"product_tag","embeddable":true,"href":"https:\/\/www.galerie-scrapbooking.com\/en\/wp-json\/wp\/v2\/product_tag?post=7222"}],"curies":[{"name":"wp","href":"https:\/\/api.w.org\/{rel}","templated":true}]}}