{"id":7191,"date":"2020-03-12T19:03:18","date_gmt":"2020-03-12T19:03:18","guid":{"rendered":"https:\/\/commparlimage.ca\/garage\/herazz\/?product=ez-runner-grand-adhesive-permanent"},"modified":"2025-12-09T13:48:21","modified_gmt":"2025-12-09T18:48:21","slug":"ez-runner-grand-adhesive-permanent","status":"publish","type":"product","link":"https:\/\/www.galerie-scrapbooking.com\/en\/produit\/ez-runner-grand-adhesive-permanent\/","title":{"rendered":"EZ Runner Grand Adhesive Permanent"},"content":{"rendered":"<h1>EZ Runner Grand Adhesive Permanent<\/h1>\n<p>Scrapbook Adhesives- EZ Runner Grand Adhesive: Permanent.<\/p>\n<p>Cet adh\u00e9sif double face ultra adh\u00e9rent et ultra r\u00e9sistant est id\u00e9al pour les lignes droites et les courbes.<\/p>\n<p>Ce paquet contient 150 pieds d&#8217;adh\u00e9sif de 3\/10 pouce de largeur.<\/p>\n","protected":false},"excerpt":{"rendered":"<p>Scrapbook Adhesives E-Z Runner Grand Adhesive<\/p>\n","protected":false},"featured_media":7192,"template":"","meta":{"_acf_changed":false},"product_brand":[],"product_cat":[43],"product_tag":[],"class_list":{"0":"post-7191","1":"product","2":"type-product","3":"status-publish","4":"has-post-thumbnail","6":"product_cat-adhesifs-double-face","7":"pa_brand_nc-scrapbook-adhesive","9":"first","10":"instock","11":"taxable","12":"shipping-taxable","13":"purchasable","14":"product-type-simple"},"acf":[],"aioseo_notices":[],"_links":{"self":[{"href":"https:\/\/www.galerie-scrapbooking.com\/en\/wp-json\/wp\/v2\/product\/7191","targetHints":{"allow":["GET"]}}],"collection":[{"href":"https:\/\/www.galerie-scrapbooking.com\/en\/wp-json\/wp\/v2\/product"}],"about":[{"href":"https:\/\/www.galerie-scrapbooking.com\/en\/wp-json\/wp\/v2\/types\/product"}],"wp:featuredmedia":[{"embeddable":true,"href":"https:\/\/www.galerie-scrapbooking.com\/en\/wp-json\/wp\/v2\/media\/7192"}],"wp:attachment":[{"href":"https:\/\/www.galerie-scrapbooking.com\/en\/wp-json\/wp\/v2\/media?parent=7191"}],"wp:term":[{"taxonomy":"product_brand","embeddable":true,"href":"https:\/\/www.galerie-scrapbooking.com\/en\/wp-json\/wp\/v2\/product_brand?post=7191"},{"taxonomy":"product_cat","embeddable":true,"href":"https:\/\/www.galerie-scrapbooking.com\/en\/wp-json\/wp\/v2\/product_cat?post=7191"},{"taxonomy":"product_tag","embeddable":true,"href":"https:\/\/www.galerie-scrapbooking.com\/en\/wp-json\/wp\/v2\/product_tag?post=7191"}],"curies":[{"name":"wp","href":"https:\/\/api.w.org\/{rel}","templated":true}]}}