{"id":7189,"date":"2020-03-12T18:41:18","date_gmt":"2020-03-12T18:41:18","guid":{"rendered":"https:\/\/commparlimage.ca\/garage\/herazz\/?product=hero-arts-acetates-425x55"},"modified":"2025-07-21T13:48:30","modified_gmt":"2025-07-21T17:48:30","slug":"hero-arts-acetates-4-25-x5-5","status":"publish","type":"product","link":"https:\/\/www.galerie-scrapbooking.com\/en\/produit\/hero-arts-acetates-4-25-x5-5\/","title":{"rendered":"Hero Arts Ac\u00e9tates 4.25&#8243;x5.5&#8243;"},"content":{"rendered":"<h1>Hero Arts Ac\u00e9tates 4.25&#8243;x5.5&#8243;<\/h1>\n<p>Les feuilles transparentes peuvent \u00eatre transform\u00e9es en des filigranes pour des cartes de scrapbooking, des cadres, des mobiles et bien plus encore.<\/p>\n<p>Elles peuvent \u00eatre peintes, \u00e9tamp\u00e9es, ou d\u00e9coup\u00e9es pour cr\u00e9er un pochoir et sont r\u00e9sistantes \u00e0 la chaleur.<\/p>\n<p>20 feuilles par paquet<\/p>\n<p>Grandeurs: 4.25 x 5.5 pouces<\/p>\n","protected":false},"excerpt":{"rendered":"<p>Hero Arts Acetate Card Panels 20\/Pkg<\/p>\n","protected":false},"featured_media":7190,"template":"","meta":{"_acf_changed":false},"product_brand":[],"product_cat":[384],"product_tag":[],"class_list":{"0":"post-7189","1":"product","2":"type-product","3":"status-publish","4":"has-post-thumbnail","6":"product_cat-acetates","7":"pa_brand_nc-hero-arts","9":"first","10":"instock","11":"taxable","12":"shipping-taxable","13":"purchasable","14":"product-type-simple"},"acf":[],"aioseo_notices":[],"_links":{"self":[{"href":"https:\/\/www.galerie-scrapbooking.com\/en\/wp-json\/wp\/v2\/product\/7189","targetHints":{"allow":["GET"]}}],"collection":[{"href":"https:\/\/www.galerie-scrapbooking.com\/en\/wp-json\/wp\/v2\/product"}],"about":[{"href":"https:\/\/www.galerie-scrapbooking.com\/en\/wp-json\/wp\/v2\/types\/product"}],"wp:featuredmedia":[{"embeddable":true,"href":"https:\/\/www.galerie-scrapbooking.com\/en\/wp-json\/wp\/v2\/media\/7190"}],"wp:attachment":[{"href":"https:\/\/www.galerie-scrapbooking.com\/en\/wp-json\/wp\/v2\/media?parent=7189"}],"wp:term":[{"taxonomy":"product_brand","embeddable":true,"href":"https:\/\/www.galerie-scrapbooking.com\/en\/wp-json\/wp\/v2\/product_brand?post=7189"},{"taxonomy":"product_cat","embeddable":true,"href":"https:\/\/www.galerie-scrapbooking.com\/en\/wp-json\/wp\/v2\/product_cat?post=7189"},{"taxonomy":"product_tag","embeddable":true,"href":"https:\/\/www.galerie-scrapbooking.com\/en\/wp-json\/wp\/v2\/product_tag?post=7189"}],"curies":[{"name":"wp","href":"https:\/\/api.w.org\/{rel}","templated":true}]}}