{"id":7173,"date":"2020-03-03T22:54:49","date_gmt":"2020-03-03T22:54:49","guid":{"rendered":"https:\/\/commparlimage.ca\/garage\/herazz\/?product=tim-holtz-distress-embossing-dabber"},"modified":"2026-01-04T15:04:56","modified_gmt":"2026-01-04T20:04:56","slug":"tim-holtz-distress-embossing-dabber","status":"publish","type":"product","link":"https:\/\/www.galerie-scrapbooking.com\/en\/produit\/tim-holtz-distress-embossing-dabber\/","title":{"rendered":"Tim Holtz Distress Embossing Dabber"},"content":{"rendered":"<h1>Tim Holtz Distress Embossing Dabber<\/h1>\n<p>Tim Holtz Distress Embossing Dabber\u00a0est rempli d&#8217;une encre \u00e0 embosser de haute qualit\u00e9 dans une bouteille dabber pratique. Il est id\u00e9al pour encrer rapidement et facilement de grandes \u00e9tampes et de grande surfaces.<\/p>\n<p>Embout encreur<\/p>\n<p>Bouteille de 1 once<\/p>\n<p>Sans acide, non toxique<\/p>\n","protected":false},"excerpt":{"rendered":"<p>Tim Holtz Distress Embossing Dabber<\/p>\n","protected":false},"featured_media":7174,"template":"","meta":{"_acf_changed":false},"product_brand":[],"product_cat":[306,115,111],"product_tag":[],"class_list":{"0":"post-7173","1":"product","2":"type-product","3":"status-publish","4":"has-post-thumbnail","6":"product_cat-accessoire-embossage","7":"product_cat-encres-accessoires","8":"product_cat-embossage-scrapbooking","9":"pa_brand_nc-tim-holtz","11":"first","12":"instock","13":"taxable","14":"shipping-taxable","15":"purchasable","16":"product-type-simple"},"acf":[],"aioseo_notices":[],"_links":{"self":[{"href":"https:\/\/www.galerie-scrapbooking.com\/en\/wp-json\/wp\/v2\/product\/7173","targetHints":{"allow":["GET"]}}],"collection":[{"href":"https:\/\/www.galerie-scrapbooking.com\/en\/wp-json\/wp\/v2\/product"}],"about":[{"href":"https:\/\/www.galerie-scrapbooking.com\/en\/wp-json\/wp\/v2\/types\/product"}],"wp:featuredmedia":[{"embeddable":true,"href":"https:\/\/www.galerie-scrapbooking.com\/en\/wp-json\/wp\/v2\/media\/7174"}],"wp:attachment":[{"href":"https:\/\/www.galerie-scrapbooking.com\/en\/wp-json\/wp\/v2\/media?parent=7173"}],"wp:term":[{"taxonomy":"product_brand","embeddable":true,"href":"https:\/\/www.galerie-scrapbooking.com\/en\/wp-json\/wp\/v2\/product_brand?post=7173"},{"taxonomy":"product_cat","embeddable":true,"href":"https:\/\/www.galerie-scrapbooking.com\/en\/wp-json\/wp\/v2\/product_cat?post=7173"},{"taxonomy":"product_tag","embeddable":true,"href":"https:\/\/www.galerie-scrapbooking.com\/en\/wp-json\/wp\/v2\/product_tag?post=7173"}],"curies":[{"name":"wp","href":"https:\/\/api.w.org\/{rel}","templated":true}]}}