{"id":7171,"date":"2020-03-03T18:11:58","date_gmt":"2020-03-03T18:11:58","guid":{"rendered":"https:\/\/commparlimage.ca\/garage\/herazz\/?product=tim-holtz-distress-crayon-encre-transparente"},"modified":"2025-11-11T14:10:23","modified_gmt":"2025-11-11T19:10:23","slug":"tim-holtz-distress-crayon-encre-transparente","status":"publish","type":"product","link":"https:\/\/www.galerie-scrapbooking.com\/en\/produit\/tim-holtz-distress-crayon-encre-transparente\/","title":{"rendered":"Tim Holtz Distress Crayon Encre Transparente"},"content":{"rendered":"<p>Ces stylos contiennent une encre transparente sp\u00e9cialement formul\u00e9e qui fonctionne avec le Distress Embossing Glaze (vendu s\u00e9par\u00e9ment).<\/p>\n<p>L&#8217;encre reste humide sur la plupart des surfaces pour permettre du temps de travail pour cr\u00e9er vos propres dessins.<\/p>\n<p>Cet emballage de 3 x 7,75 x 5 pouces contient un stylo \u00e0 pointe balle et un stylo \u00e0 pointe pinceau.<\/p>\n","protected":false},"excerpt":{"rendered":"<p>Tim Holtz Distress Embossing Pen 2\/Pkg<\/p>\n","protected":false},"featured_media":7172,"template":"","meta":{"_acf_changed":false},"product_brand":[],"product_cat":[306],"product_tag":[],"class_list":{"0":"post-7171","1":"product","2":"type-product","3":"status-publish","4":"has-post-thumbnail","6":"product_cat-accessoire-embossage","7":"pa_brand_nc-tim-holtz","9":"first","10":"instock","11":"taxable","12":"shipping-taxable","13":"purchasable","14":"product-type-simple"},"acf":[],"aioseo_notices":[],"_links":{"self":[{"href":"https:\/\/www.galerie-scrapbooking.com\/en\/wp-json\/wp\/v2\/product\/7171","targetHints":{"allow":["GET"]}}],"collection":[{"href":"https:\/\/www.galerie-scrapbooking.com\/en\/wp-json\/wp\/v2\/product"}],"about":[{"href":"https:\/\/www.galerie-scrapbooking.com\/en\/wp-json\/wp\/v2\/types\/product"}],"wp:featuredmedia":[{"embeddable":true,"href":"https:\/\/www.galerie-scrapbooking.com\/en\/wp-json\/wp\/v2\/media\/7172"}],"wp:attachment":[{"href":"https:\/\/www.galerie-scrapbooking.com\/en\/wp-json\/wp\/v2\/media?parent=7171"}],"wp:term":[{"taxonomy":"product_brand","embeddable":true,"href":"https:\/\/www.galerie-scrapbooking.com\/en\/wp-json\/wp\/v2\/product_brand?post=7171"},{"taxonomy":"product_cat","embeddable":true,"href":"https:\/\/www.galerie-scrapbooking.com\/en\/wp-json\/wp\/v2\/product_cat?post=7171"},{"taxonomy":"product_tag","embeddable":true,"href":"https:\/\/www.galerie-scrapbooking.com\/en\/wp-json\/wp\/v2\/product_tag?post=7171"}],"curies":[{"name":"wp","href":"https:\/\/api.w.org\/{rel}","templated":true}]}}