{"id":7168,"date":"2020-03-03T15:40:38","date_gmt":"2020-03-03T15:40:38","guid":{"rendered":"https:\/\/commparlimage.ca\/garage\/herazz\/?product=rangement-pour-encres-distress"},"modified":"2026-04-20T14:00:42","modified_gmt":"2026-04-20T18:00:42","slug":"rangement-pour-encres-distress","status":"publish","type":"product","link":"https:\/\/www.galerie-scrapbooking.com\/en\/produit\/rangement-pour-encres-distress\/","title":{"rendered":"Rangement pour Encres Distress"},"content":{"rendered":"<p>Ce contenant est la solution id\u00e9ale pour ranger vos Encres Distress.<\/p>\n<p>Organisez et transportez facilement vos Encres Distress dans ce rangement en m\u00e9tal. Comprend une fen\u00eatre transparente et un fermoir en m\u00e9tal.<\/p>\n<p>Ce rangement de 9.75 x 3.25 pouces vous permet de ranger 15 Encres Distress de 3 x 3 pouces.<\/p>\n<p>vid\u00e9o de d\u00e9monstration:<\/p>\n<p><iframe loading=\"lazy\" src=\"https:\/\/www.youtube.com\/embed\/y43fkVLpem8\" width=\"560\" height=\"315\" frameborder=\"0\" allowfullscreen=\"allowfullscreen\"><\/iframe><\/p>\n","protected":false},"excerpt":{"rendered":"<p>Tim Holtz Distress Ink Pad Tin<\/p>\n","protected":false},"featured_media":7169,"template":"","meta":{"_acf_changed":false},"product_brand":[],"product_cat":[115,48,290,238],"product_tag":[],"class_list":{"0":"post-7168","1":"product","2":"type-product","3":"status-publish","4":"has-post-thumbnail","6":"product_cat-encres-accessoires","7":"product_cat-distress-ink","8":"product_cat-distress-oxide-ink","9":"product_cat-rangements-scrapbooking","10":"pa_brand_nc-tim-holtz","12":"first","13":"instock","14":"taxable","15":"shipping-taxable","16":"purchasable","17":"product-type-simple"},"acf":[],"aioseo_notices":[],"_links":{"self":[{"href":"https:\/\/www.galerie-scrapbooking.com\/en\/wp-json\/wp\/v2\/product\/7168","targetHints":{"allow":["GET"]}}],"collection":[{"href":"https:\/\/www.galerie-scrapbooking.com\/en\/wp-json\/wp\/v2\/product"}],"about":[{"href":"https:\/\/www.galerie-scrapbooking.com\/en\/wp-json\/wp\/v2\/types\/product"}],"wp:featuredmedia":[{"embeddable":true,"href":"https:\/\/www.galerie-scrapbooking.com\/en\/wp-json\/wp\/v2\/media\/7169"}],"wp:attachment":[{"href":"https:\/\/www.galerie-scrapbooking.com\/en\/wp-json\/wp\/v2\/media?parent=7168"}],"wp:term":[{"taxonomy":"product_brand","embeddable":true,"href":"https:\/\/www.galerie-scrapbooking.com\/en\/wp-json\/wp\/v2\/product_brand?post=7168"},{"taxonomy":"product_cat","embeddable":true,"href":"https:\/\/www.galerie-scrapbooking.com\/en\/wp-json\/wp\/v2\/product_cat?post=7168"},{"taxonomy":"product_tag","embeddable":true,"href":"https:\/\/www.galerie-scrapbooking.com\/en\/wp-json\/wp\/v2\/product_tag?post=7168"}],"curies":[{"name":"wp","href":"https:\/\/api.w.org\/{rel}","templated":true}]}}