{"id":7114,"date":"2020-02-27T12:20:36","date_gmt":"2020-02-27T12:20:36","guid":{"rendered":"https:\/\/commparlimage.ca\/garage\/herazz\/?product=echo-park-masque-6-x-6-pouces-toutes-etoiles"},"modified":"2024-02-18T08:25:44","modified_gmt":"2024-02-18T13:25:44","slug":"echo-park-masque-6-x-6-pouces-toutes-etoiles","status":"publish","type":"product","link":"https:\/\/www.galerie-scrapbooking.com\/en\/produit\/echo-park-masque-6-x-6-pouces-toutes-etoiles\/","title":{"rendered":"Echo Park Masque 6 X 6 pouces Toutes \u00c9toiles"},"content":{"rendered":"<p>Masque (stencil, pochoir) de Echo Park<\/p>\n<p>Parfaits pour utiliser avec le Distress Spray , p\u00e2te \u00e0 embosser ou tout autre m\u00e9dium, pour vos cartes de scrapbooking <\/p>\n<p><p>Grandeur: 6 X 6 pouces<\/p>\n<p>\n","protected":false},"excerpt":{"rendered":"<p>Echo Park Stencil 6&#8243;X6&#8243; &#8211; All Star, All Boy<\/p>\n","protected":false},"featured_media":7115,"template":"","meta":{"_acf_changed":false},"product_brand":[],"product_cat":[105,357],"product_tag":[],"class_list":{"0":"post-7114","1":"product","2":"type-product","3":"status-publish","4":"has-post-thumbnail","6":"product_cat-masques-scrapbooking","7":"product_cat-stencil-echo-park","8":"pa_brand_nc-echo-park-paper","10":"first","11":"instock","12":"taxable","13":"shipping-taxable","14":"purchasable","15":"product-type-simple"},"acf":[],"aioseo_notices":[],"_links":{"self":[{"href":"https:\/\/www.galerie-scrapbooking.com\/en\/wp-json\/wp\/v2\/product\/7114","targetHints":{"allow":["GET"]}}],"collection":[{"href":"https:\/\/www.galerie-scrapbooking.com\/en\/wp-json\/wp\/v2\/product"}],"about":[{"href":"https:\/\/www.galerie-scrapbooking.com\/en\/wp-json\/wp\/v2\/types\/product"}],"wp:featuredmedia":[{"embeddable":true,"href":"https:\/\/www.galerie-scrapbooking.com\/en\/wp-json\/wp\/v2\/media\/7115"}],"wp:attachment":[{"href":"https:\/\/www.galerie-scrapbooking.com\/en\/wp-json\/wp\/v2\/media?parent=7114"}],"wp:term":[{"taxonomy":"product_brand","embeddable":true,"href":"https:\/\/www.galerie-scrapbooking.com\/en\/wp-json\/wp\/v2\/product_brand?post=7114"},{"taxonomy":"product_cat","embeddable":true,"href":"https:\/\/www.galerie-scrapbooking.com\/en\/wp-json\/wp\/v2\/product_cat?post=7114"},{"taxonomy":"product_tag","embeddable":true,"href":"https:\/\/www.galerie-scrapbooking.com\/en\/wp-json\/wp\/v2\/product_tag?post=7114"}],"curies":[{"name":"wp","href":"https:\/\/api.w.org\/{rel}","templated":true}]}}