{"id":7071,"date":"2020-01-29T18:31:32","date_gmt":"2020-01-29T18:31:32","guid":{"rendered":"https:\/\/commparlimage.ca\/garage\/herazz\/?product=uchida-selecteur-de-bijoux-a-double-extremite"},"modified":"2026-05-04T12:24:43","modified_gmt":"2026-05-04T16:24:43","slug":"uchida-selecteur-de-bijoux-a-double-extremite","status":"publish","type":"product","link":"https:\/\/www.galerie-scrapbooking.com\/en\/produit\/uchida-selecteur-de-bijoux-a-double-extremite\/","title":{"rendered":"Uchida S\u00e9lecteur de bijoux \u00e0 double extr\u00e9mit\u00e9"},"content":{"rendered":"<p>L&#8217;outil ultime pour la fabrication de bijoux, le perlage, le scrapbooking, l&#8217;artisanat&#8230;!<\/p>\n<p>Parfait pour ramasser des pierres pr&eacute;cieuses, des cristaux, des strass, des perles, des perforations, des confettis et des paillettes!<\/p>\n<p>Ce paquet contient un s&eacute;lecteur de bijoux avec une petite pointe et une grande pointe<\/p>\n<p>Voici comment cela fonctionne:<\/p>\n<p><iframe loading=\"lazy\" width=\"560\" height=\"315\" src=\"https:\/\/www.youtube.com\/embed\/0wN9HzyEaLY\" frameborder=\"0\" allow=\"accelerometer; autoplay; encrypted-media; gyroscope; picture-in-picture\" allowfullscreen><\/iframe><\/p>\n","protected":false},"excerpt":{"rendered":"<p>Jewel Picker Double Ended<\/p>\n","protected":false},"featured_media":7072,"template":"","meta":{"_acf_changed":false},"product_brand":[],"product_cat":[132],"product_tag":[],"class_list":{"0":"post-7071","1":"product","2":"type-product","3":"status-publish","4":"has-post-thumbnail","6":"product_cat-outils-accessoires-autres","7":"pa_brand_nc-autres","9":"first","10":"instock","11":"taxable","12":"shipping-taxable","13":"purchasable","14":"product-type-simple"},"acf":[],"aioseo_notices":[],"_links":{"self":[{"href":"https:\/\/www.galerie-scrapbooking.com\/en\/wp-json\/wp\/v2\/product\/7071","targetHints":{"allow":["GET"]}}],"collection":[{"href":"https:\/\/www.galerie-scrapbooking.com\/en\/wp-json\/wp\/v2\/product"}],"about":[{"href":"https:\/\/www.galerie-scrapbooking.com\/en\/wp-json\/wp\/v2\/types\/product"}],"wp:featuredmedia":[{"embeddable":true,"href":"https:\/\/www.galerie-scrapbooking.com\/en\/wp-json\/wp\/v2\/media\/7072"}],"wp:attachment":[{"href":"https:\/\/www.galerie-scrapbooking.com\/en\/wp-json\/wp\/v2\/media?parent=7071"}],"wp:term":[{"taxonomy":"product_brand","embeddable":true,"href":"https:\/\/www.galerie-scrapbooking.com\/en\/wp-json\/wp\/v2\/product_brand?post=7071"},{"taxonomy":"product_cat","embeddable":true,"href":"https:\/\/www.galerie-scrapbooking.com\/en\/wp-json\/wp\/v2\/product_cat?post=7071"},{"taxonomy":"product_tag","embeddable":true,"href":"https:\/\/www.galerie-scrapbooking.com\/en\/wp-json\/wp\/v2\/product_tag?post=7071"}],"curies":[{"name":"wp","href":"https:\/\/api.w.org\/{rel}","templated":true}]}}