{"id":7069,"date":"2020-01-29T18:27:42","date_gmt":"2020-01-29T18:27:42","guid":{"rendered":"https:\/\/commparlimage.ca\/garage\/herazz\/?product=penny-black-die-fleches-damour"},"modified":"2023-12-24T10:54:47","modified_gmt":"2023-12-24T15:54:47","slug":"penny-black-die-fleches-d-amour","status":"publish","type":"product","link":"https:\/\/www.galerie-scrapbooking.com\/en\/produit\/penny-black-die-fleches-d-amour\/","title":{"rendered":"Penny Black Die Fl\u00e8ches d&#8217;Amour"},"content":{"rendered":"<p>Penny Black matrice de d\u00e9coupes , pour d\u00e9couper parfaitement le papier, facile \u00e0 utiliser avec la Cuttlebug, Vagabond, Grand calibur ou autres machines du m\u00eame genre<\/p>\n<p>Grandeurs :<\/p>\n<p>1.9&#8243; X 2.9&#8243;<\/p>\n","protected":false},"excerpt":{"rendered":"<p>Penny Black Die Doodles Of Love<\/p>\n","protected":false},"featured_media":7070,"template":"","meta":{"_acf_changed":false},"product_brand":[],"product_cat":[237],"product_tag":[],"class_list":{"0":"post-7069","1":"product","2":"type-product","3":"status-publish","4":"has-post-thumbnail","6":"product_cat-joy-dies-matrices-decoupes","7":"pa_brand_nc-penny-black","9":"first","10":"instock","11":"taxable","12":"shipping-taxable","13":"purchasable","14":"product-type-simple"},"acf":[],"aioseo_notices":[],"_links":{"self":[{"href":"https:\/\/www.galerie-scrapbooking.com\/en\/wp-json\/wp\/v2\/product\/7069","targetHints":{"allow":["GET"]}}],"collection":[{"href":"https:\/\/www.galerie-scrapbooking.com\/en\/wp-json\/wp\/v2\/product"}],"about":[{"href":"https:\/\/www.galerie-scrapbooking.com\/en\/wp-json\/wp\/v2\/types\/product"}],"wp:featuredmedia":[{"embeddable":true,"href":"https:\/\/www.galerie-scrapbooking.com\/en\/wp-json\/wp\/v2\/media\/7070"}],"wp:attachment":[{"href":"https:\/\/www.galerie-scrapbooking.com\/en\/wp-json\/wp\/v2\/media?parent=7069"}],"wp:term":[{"taxonomy":"product_brand","embeddable":true,"href":"https:\/\/www.galerie-scrapbooking.com\/en\/wp-json\/wp\/v2\/product_brand?post=7069"},{"taxonomy":"product_cat","embeddable":true,"href":"https:\/\/www.galerie-scrapbooking.com\/en\/wp-json\/wp\/v2\/product_cat?post=7069"},{"taxonomy":"product_tag","embeddable":true,"href":"https:\/\/www.galerie-scrapbooking.com\/en\/wp-json\/wp\/v2\/product_tag?post=7069"}],"curies":[{"name":"wp","href":"https:\/\/api.w.org\/{rel}","templated":true}]}}