{"id":7065,"date":"2020-01-29T18:19:13","date_gmt":"2020-01-29T18:19:13","guid":{"rendered":"https:\/\/commparlimage.ca\/garage\/herazz\/?product=encre-versafine-clair-ete"},"modified":"2026-04-02T10:45:52","modified_gmt":"2026-04-02T14:45:52","slug":"encre-versafine-clair-ete","status":"publish","type":"product","link":"https:\/\/www.galerie-scrapbooking.com\/en\/produit\/encre-versafine-clair-ete\/","title":{"rendered":"Encre Versafine Clair \u00c9t\u00e9"},"content":{"rendered":"<h1>Encre Versafine Clair \u00c9t\u00e9<\/h1>\n<p>Cette encre fait ressortir les moindres d\u00e9tails.<\/p>\n<p>Parfait pour l&#8217;utilisation de l&#8217;aquarelle pour la couleur des images \u00e9tamp\u00e9es.<\/p>\n<p>La plus longue dur\u00e9e de tampon encreur disponible.<\/p>\n","protected":false},"excerpt":{"rendered":"<p>VersaFine Clair Ink Pad &#8211; Summertime<\/p>\n","protected":false},"featured_media":7066,"template":"","meta":{"_acf_changed":false},"product_brand":[],"product_cat":[344],"product_tag":[],"class_list":{"0":"post-7065","1":"product","2":"type-product","3":"status-publish","4":"has-post-thumbnail","6":"product_cat-encre-versafine-clair","7":"pa_brand_nc-tsukineko","9":"first","10":"instock","11":"taxable","12":"shipping-taxable","13":"purchasable","14":"product-type-simple"},"acf":[],"aioseo_notices":[],"_links":{"self":[{"href":"https:\/\/www.galerie-scrapbooking.com\/en\/wp-json\/wp\/v2\/product\/7065","targetHints":{"allow":["GET"]}}],"collection":[{"href":"https:\/\/www.galerie-scrapbooking.com\/en\/wp-json\/wp\/v2\/product"}],"about":[{"href":"https:\/\/www.galerie-scrapbooking.com\/en\/wp-json\/wp\/v2\/types\/product"}],"wp:featuredmedia":[{"embeddable":true,"href":"https:\/\/www.galerie-scrapbooking.com\/en\/wp-json\/wp\/v2\/media\/7066"}],"wp:attachment":[{"href":"https:\/\/www.galerie-scrapbooking.com\/en\/wp-json\/wp\/v2\/media?parent=7065"}],"wp:term":[{"taxonomy":"product_brand","embeddable":true,"href":"https:\/\/www.galerie-scrapbooking.com\/en\/wp-json\/wp\/v2\/product_brand?post=7065"},{"taxonomy":"product_cat","embeddable":true,"href":"https:\/\/www.galerie-scrapbooking.com\/en\/wp-json\/wp\/v2\/product_cat?post=7065"},{"taxonomy":"product_tag","embeddable":true,"href":"https:\/\/www.galerie-scrapbooking.com\/en\/wp-json\/wp\/v2\/product_tag?post=7065"}],"curies":[{"name":"wp","href":"https:\/\/api.w.org\/{rel}","templated":true}]}}