{"id":7045,"date":"2020-01-23T22:10:40","date_gmt":"2020-01-23T22:10:40","guid":{"rendered":"https:\/\/commparlimage.ca\/garage\/herazz\/?product=lavinia-etampe-lune"},"modified":"2025-07-14T13:49:55","modified_gmt":"2025-07-14T17:49:55","slug":"lavinia-etampe-lune","status":"publish","type":"product","link":"https:\/\/www.galerie-scrapbooking.com\/en\/produit\/lavinia-etampe-lune\/","title":{"rendered":"Lavinia \u00c9tampe Lune"},"content":{"rendered":"<h1>Lavinia \u00c9tampe Lune<\/h1>\n<p>Une superbe \u00e9tampe repr\u00e9sentant la silhouette de la lune.<\/p>\n<p>Ce motif est magnifique lorsqu&#8217;il est estamp\u00e9 \u00e0 travers le cadre n\u00e9gatif d&#8217;un masque circulaire en ac\u00e9tate.<\/p>\n<p>N\u00e9cessite l&#8217;utilisation d&#8217;un bloc acrylique.<\/p>\n<p>Dimension approximative:<\/p>\n<p>5.5 cm.<\/p>\n","protected":false},"excerpt":{"rendered":"<p>Lavinia Stamp &#8211; Moon<\/p>\n","protected":false},"featured_media":7046,"template":"","meta":{"_acf_changed":false},"product_brand":[],"product_cat":[342,424],"product_tag":[],"class_list":{"0":"post-7045","1":"product","2":"type-product","3":"status-publish","4":"has-post-thumbnail","6":"product_cat-etampes-lavinia","7":"product_cat-mystique-zen","8":"pa_brand_nc-lavinia","10":"first","11":"instock","12":"taxable","13":"shipping-taxable","14":"purchasable","15":"product-type-simple"},"acf":[],"aioseo_notices":[],"_links":{"self":[{"href":"https:\/\/www.galerie-scrapbooking.com\/en\/wp-json\/wp\/v2\/product\/7045","targetHints":{"allow":["GET"]}}],"collection":[{"href":"https:\/\/www.galerie-scrapbooking.com\/en\/wp-json\/wp\/v2\/product"}],"about":[{"href":"https:\/\/www.galerie-scrapbooking.com\/en\/wp-json\/wp\/v2\/types\/product"}],"wp:featuredmedia":[{"embeddable":true,"href":"https:\/\/www.galerie-scrapbooking.com\/en\/wp-json\/wp\/v2\/media\/7046"}],"wp:attachment":[{"href":"https:\/\/www.galerie-scrapbooking.com\/en\/wp-json\/wp\/v2\/media?parent=7045"}],"wp:term":[{"taxonomy":"product_brand","embeddable":true,"href":"https:\/\/www.galerie-scrapbooking.com\/en\/wp-json\/wp\/v2\/product_brand?post=7045"},{"taxonomy":"product_cat","embeddable":true,"href":"https:\/\/www.galerie-scrapbooking.com\/en\/wp-json\/wp\/v2\/product_cat?post=7045"},{"taxonomy":"product_tag","embeddable":true,"href":"https:\/\/www.galerie-scrapbooking.com\/en\/wp-json\/wp\/v2\/product_tag?post=7045"}],"curies":[{"name":"wp","href":"https:\/\/api.w.org\/{rel}","templated":true}]}}