{"id":7037,"date":"2020-01-13T19:58:26","date_gmt":"2020-01-13T19:58:26","guid":{"rendered":"https:\/\/commparlimage.ca\/garage\/herazz\/?product=creative-expressions-mini-smoothies-tampons"},"modified":"2025-04-17T15:13:21","modified_gmt":"2025-04-17T19:13:21","slug":"creative-expressions-mini-smoothies-tampons","status":"publish","type":"product","link":"https:\/\/www.galerie-scrapbooking.com\/en\/produit\/creative-expressions-mini-smoothies-tampons\/","title":{"rendered":"Creative Expressions Mini Smoothies (tampons)"},"content":{"rendered":"<h1>Creative Expressions Latex Mini Smoothies<\/h1>\n<p>Les smoothies sont fabriqu\u00e9s \u00e0 partir de latex et appliquent facilement des encres sur les surfaces et \u00e0 travers les ouvertures d&#8217;un pochoir.<\/p>\n<p>Utilisez-les pour encrer les bords d&#8217;un motif pour une simple touche d&#8217;encre ou m\u00e9langer les encres en douceur et rapidement.<\/p>\n<p>Parfait pour le scrapbooking, la fabrication de cartes, les projets de mixtes m\u00e9dias et bien plus encore!<\/p>\n<p>4 tampons par paquet<\/p>\n","protected":false},"excerpt":{"rendered":"<p>Creative Expressions Latex Mini Smoothies 4\/Pkg<\/p>\n","protected":false},"featured_media":7038,"template":"","meta":{"_acf_changed":false},"product_brand":[],"product_cat":[115],"product_tag":[],"class_list":{"0":"post-7037","1":"product","2":"type-product","3":"status-publish","4":"has-post-thumbnail","6":"product_cat-encres-accessoires","7":"pa_brand_nc-autres","9":"first","10":"instock","11":"taxable","12":"shipping-taxable","13":"purchasable","14":"product-type-simple"},"acf":[],"aioseo_notices":[],"_links":{"self":[{"href":"https:\/\/www.galerie-scrapbooking.com\/en\/wp-json\/wp\/v2\/product\/7037","targetHints":{"allow":["GET"]}}],"collection":[{"href":"https:\/\/www.galerie-scrapbooking.com\/en\/wp-json\/wp\/v2\/product"}],"about":[{"href":"https:\/\/www.galerie-scrapbooking.com\/en\/wp-json\/wp\/v2\/types\/product"}],"wp:featuredmedia":[{"embeddable":true,"href":"https:\/\/www.galerie-scrapbooking.com\/en\/wp-json\/wp\/v2\/media\/7038"}],"wp:attachment":[{"href":"https:\/\/www.galerie-scrapbooking.com\/en\/wp-json\/wp\/v2\/media?parent=7037"}],"wp:term":[{"taxonomy":"product_brand","embeddable":true,"href":"https:\/\/www.galerie-scrapbooking.com\/en\/wp-json\/wp\/v2\/product_brand?post=7037"},{"taxonomy":"product_cat","embeddable":true,"href":"https:\/\/www.galerie-scrapbooking.com\/en\/wp-json\/wp\/v2\/product_cat?post=7037"},{"taxonomy":"product_tag","embeddable":true,"href":"https:\/\/www.galerie-scrapbooking.com\/en\/wp-json\/wp\/v2\/product_tag?post=7037"}],"curies":[{"name":"wp","href":"https:\/\/api.w.org\/{rel}","templated":true}]}}