{"id":6980,"date":"2019-12-10T16:38:08","date_gmt":"2019-12-10T16:38:08","guid":{"rendered":"https:\/\/commparlimage.ca\/garage\/herazz\/?product=encre-versafine-clair-allee-ombragee-vert"},"modified":"2026-02-07T21:35:26","modified_gmt":"2026-02-08T02:35:26","slug":"encre-versafine-clair-allee-ombragee-vert","status":"publish","type":"product","link":"https:\/\/www.galerie-scrapbooking.com\/en\/produit\/encre-versafine-clair-allee-ombragee-vert\/","title":{"rendered":"Encre Versafine Clair All\u00e9e Ombrag\u00e9e (vert)"},"content":{"rendered":"<h1>Encre Versafine Clair All\u00e9e Ombrag\u00e9e<\/h1>\n<p>Cette encre fait ressortir les moindres d\u00e9tails.<\/p>\n<p>Parfait pour l&#8217;utilisation de l&#8217;aquarelle pour la couleur des images \u00e9tamp\u00e9es.<\/p>\n<p>La plus longue dur\u00e9e de tampon encreur disponible.<\/p>\n","protected":false},"excerpt":{"rendered":"<p>VersaFine Clair Ink Pad &#8211; Shady Lane<\/p>\n","protected":false},"featured_media":6981,"template":"","meta":{"_acf_changed":false},"product_brand":[],"product_cat":[344],"product_tag":[],"class_list":{"0":"post-6980","1":"product","2":"type-product","3":"status-publish","4":"has-post-thumbnail","6":"product_cat-encre-versafine-clair","7":"pa_brand_nc-tsukineko","9":"first","10":"instock","11":"taxable","12":"shipping-taxable","13":"purchasable","14":"product-type-simple"},"acf":[],"aioseo_notices":[],"_links":{"self":[{"href":"https:\/\/www.galerie-scrapbooking.com\/en\/wp-json\/wp\/v2\/product\/6980","targetHints":{"allow":["GET"]}}],"collection":[{"href":"https:\/\/www.galerie-scrapbooking.com\/en\/wp-json\/wp\/v2\/product"}],"about":[{"href":"https:\/\/www.galerie-scrapbooking.com\/en\/wp-json\/wp\/v2\/types\/product"}],"wp:featuredmedia":[{"embeddable":true,"href":"https:\/\/www.galerie-scrapbooking.com\/en\/wp-json\/wp\/v2\/media\/6981"}],"wp:attachment":[{"href":"https:\/\/www.galerie-scrapbooking.com\/en\/wp-json\/wp\/v2\/media?parent=6980"}],"wp:term":[{"taxonomy":"product_brand","embeddable":true,"href":"https:\/\/www.galerie-scrapbooking.com\/en\/wp-json\/wp\/v2\/product_brand?post=6980"},{"taxonomy":"product_cat","embeddable":true,"href":"https:\/\/www.galerie-scrapbooking.com\/en\/wp-json\/wp\/v2\/product_cat?post=6980"},{"taxonomy":"product_tag","embeddable":true,"href":"https:\/\/www.galerie-scrapbooking.com\/en\/wp-json\/wp\/v2\/product_tag?post=6980"}],"curies":[{"name":"wp","href":"https:\/\/api.w.org\/{rel}","templated":true}]}}