{"id":6952,"date":"2019-12-07T16:21:09","date_gmt":"2019-12-07T16:21:09","guid":{"rendered":"https:\/\/commparlimage.ca\/garage\/herazz\/?product=lavinia-etampe-cueilleurs-de-fees"},"modified":"2025-02-27T14:21:40","modified_gmt":"2025-02-27T19:21:40","slug":"lavinia-etampe-cueilleurs-de-fees","status":"publish","type":"product","link":"https:\/\/www.galerie-scrapbooking.com\/en\/produit\/lavinia-etampe-cueilleurs-de-fees\/","title":{"rendered":"Lavinia \u00c9tampe Cueilleurs de F\u00e9es"},"content":{"rendered":"<p>\u00c9tampes acrylique, id\u00e9ales pour vos cartes ou pages de scrapbooking.<\/p>\n<p>N\u00e9cessite l&#8217;utilisation d&#8217;un bloc acrylique.<\/p>\n<p>Dimension approximative: 2.1 x 3.1 cm.<\/p>\n","protected":false},"excerpt":{"rendered":"<p>Lavinia Stamp &#8211; Fairy Foragers<\/p>\n","protected":false},"featured_media":6953,"template":"","meta":{"_acf_changed":false},"product_brand":[],"product_cat":[422,342],"product_tag":[],"class_list":{"0":"post-6952","1":"product","2":"type-product","3":"status-publish","4":"has-post-thumbnail","6":"product_cat-fees","7":"product_cat-etampes-lavinia","8":"pa_brand_nc-lavinia","10":"first","11":"instock","12":"taxable","13":"shipping-taxable","14":"purchasable","15":"product-type-simple"},"acf":[],"aioseo_notices":[],"_links":{"self":[{"href":"https:\/\/www.galerie-scrapbooking.com\/en\/wp-json\/wp\/v2\/product\/6952","targetHints":{"allow":["GET"]}}],"collection":[{"href":"https:\/\/www.galerie-scrapbooking.com\/en\/wp-json\/wp\/v2\/product"}],"about":[{"href":"https:\/\/www.galerie-scrapbooking.com\/en\/wp-json\/wp\/v2\/types\/product"}],"wp:featuredmedia":[{"embeddable":true,"href":"https:\/\/www.galerie-scrapbooking.com\/en\/wp-json\/wp\/v2\/media\/6953"}],"wp:attachment":[{"href":"https:\/\/www.galerie-scrapbooking.com\/en\/wp-json\/wp\/v2\/media?parent=6952"}],"wp:term":[{"taxonomy":"product_brand","embeddable":true,"href":"https:\/\/www.galerie-scrapbooking.com\/en\/wp-json\/wp\/v2\/product_brand?post=6952"},{"taxonomy":"product_cat","embeddable":true,"href":"https:\/\/www.galerie-scrapbooking.com\/en\/wp-json\/wp\/v2\/product_cat?post=6952"},{"taxonomy":"product_tag","embeddable":true,"href":"https:\/\/www.galerie-scrapbooking.com\/en\/wp-json\/wp\/v2\/product_tag?post=6952"}],"curies":[{"name":"wp","href":"https:\/\/api.w.org\/{rel}","templated":true}]}}