{"id":6943,"date":"2019-12-05T15:26:08","date_gmt":"2019-12-05T15:26:08","guid":{"rendered":"https:\/\/commparlimage.ca\/garage\/herazz\/?product=we-r-memory-keepers-stylo-thermique-pour-foil"},"modified":"2026-01-21T15:00:05","modified_gmt":"2026-01-21T20:00:05","slug":"we-r-memory-keepers-stylo-thermique-pour-foil","status":"publish","type":"product","link":"https:\/\/www.galerie-scrapbooking.com\/en\/produit\/we-r-memory-keepers-stylo-thermique-pour-foil\/","title":{"rendered":"We R Memory Keepers Stylo thermique pour Foil"},"content":{"rendered":"<h1>We R Memory Keepers Stylo thermique pour Foil<\/h1>\n<p>Stylo thermique \u00e9l\u00e9gant vous permettant de dessiner des motifs sur n&#8217;importe quel projet!<\/p>\n<p>Manche mince avec poign\u00e9e r\u00e9sistante \u00e0 la chaleur.<\/p>\n<p>Aliment\u00e9 par USB.<\/p>\n<p>Comprend un rouleau de feuille d&#8217;or de 6 x 48 pouces.<\/p>\n<p>Embout standard.<\/p>\n<p>Voici une vid\u00e9o de d\u00e9monstration:<\/p>\n<p><iframe loading=\"lazy\" src=\"https:\/\/www.youtube.com\/embed\/qGyljNC_b20\" width=\"560\" height=\"315\" frameborder=\"0\" allowfullscreen=\"allowfullscreen\"><\/iframe><\/p>\n","protected":false},"excerpt":{"rendered":"<p>We R Memory Keepers Foil Quill Freestyle Pen<\/p>\n","protected":false},"featured_media":6944,"template":"","meta":{"_acf_changed":false},"product_brand":[],"product_cat":[385],"product_tag":[],"class_list":{"0":"post-6943","1":"product","2":"type-product","3":"status-publish","4":"has-post-thumbnail","6":"product_cat-we-r-memory-keepers","7":"pa_brand_nc-we-r-memory-keepers","9":"first","10":"instock","11":"taxable","12":"shipping-taxable","13":"purchasable","14":"product-type-simple"},"acf":[],"aioseo_notices":[],"_links":{"self":[{"href":"https:\/\/www.galerie-scrapbooking.com\/en\/wp-json\/wp\/v2\/product\/6943","targetHints":{"allow":["GET"]}}],"collection":[{"href":"https:\/\/www.galerie-scrapbooking.com\/en\/wp-json\/wp\/v2\/product"}],"about":[{"href":"https:\/\/www.galerie-scrapbooking.com\/en\/wp-json\/wp\/v2\/types\/product"}],"wp:featuredmedia":[{"embeddable":true,"href":"https:\/\/www.galerie-scrapbooking.com\/en\/wp-json\/wp\/v2\/media\/6944"}],"wp:attachment":[{"href":"https:\/\/www.galerie-scrapbooking.com\/en\/wp-json\/wp\/v2\/media?parent=6943"}],"wp:term":[{"taxonomy":"product_brand","embeddable":true,"href":"https:\/\/www.galerie-scrapbooking.com\/en\/wp-json\/wp\/v2\/product_brand?post=6943"},{"taxonomy":"product_cat","embeddable":true,"href":"https:\/\/www.galerie-scrapbooking.com\/en\/wp-json\/wp\/v2\/product_cat?post=6943"},{"taxonomy":"product_tag","embeddable":true,"href":"https:\/\/www.galerie-scrapbooking.com\/en\/wp-json\/wp\/v2\/product_tag?post=6943"}],"curies":[{"name":"wp","href":"https:\/\/api.w.org\/{rel}","templated":true}]}}