{"id":6921,"date":"2019-11-20T18:33:09","date_gmt":"2019-11-20T18:33:09","guid":{"rendered":"https:\/\/commparlimage.ca\/garage\/herazz\/?product=spellbinders-glimmer-foil-rose"},"modified":"2026-03-17T10:19:20","modified_gmt":"2026-03-17T14:19:20","slug":"spellbinders-glimmer-foil-rose","status":"publish","type":"product","link":"https:\/\/www.galerie-scrapbooking.com\/en\/produit\/spellbinders-glimmer-foil-rose\/","title":{"rendered":"Spellbinders Glimmer Foil Rose"},"content":{"rendered":"<h1>Spellbinders Glimmer Foil Rose<\/h1>\n<p>Les films \u00e0 chaud Glimmer Foil ajoutent des motifs superbes et attrayants \u00e0 tous les projets, des travaux manuels sur papier aux supports mixtes et plus encore!<\/p>\n<p>Les feuilles sont con\u00e7ues pour \u00eatre utilis\u00e9es avec des machines Hot Foil et des plaques Hot Foil.<\/p>\n<p>Ils sont disponibles dans une vari\u00e9t\u00e9 de couleurs; chacun vendu s\u00e9par\u00e9ment.<\/p>\n<p>Le paquet de 1,5 x 5,125 pouces comprend un rouleau de 5 pouces x 15 pieds de papier d&#8217;aluminium.<\/p>\n","protected":false},"excerpt":{"rendered":"<p>Spellbinders Glimmer Foil &#8211; Pink<\/p>\n","protected":false},"featured_media":6922,"template":"","meta":{"_acf_changed":false},"product_brand":[],"product_cat":[409,343],"product_tag":[],"class_list":{"0":"post-6921","1":"product","2":"type-product","3":"status-publish","4":"has-post-thumbnail","6":"product_cat-papier-foil","7":"product_cat-spellbinder-glimmer-hot-foil-system","8":"pa_brand_nc-spellbinders","10":"first","11":"instock","12":"taxable","13":"shipping-taxable","14":"purchasable","15":"product-type-simple"},"acf":[],"aioseo_notices":[],"_links":{"self":[{"href":"https:\/\/www.galerie-scrapbooking.com\/en\/wp-json\/wp\/v2\/product\/6921","targetHints":{"allow":["GET"]}}],"collection":[{"href":"https:\/\/www.galerie-scrapbooking.com\/en\/wp-json\/wp\/v2\/product"}],"about":[{"href":"https:\/\/www.galerie-scrapbooking.com\/en\/wp-json\/wp\/v2\/types\/product"}],"wp:featuredmedia":[{"embeddable":true,"href":"https:\/\/www.galerie-scrapbooking.com\/en\/wp-json\/wp\/v2\/media\/6922"}],"wp:attachment":[{"href":"https:\/\/www.galerie-scrapbooking.com\/en\/wp-json\/wp\/v2\/media?parent=6921"}],"wp:term":[{"taxonomy":"product_brand","embeddable":true,"href":"https:\/\/www.galerie-scrapbooking.com\/en\/wp-json\/wp\/v2\/product_brand?post=6921"},{"taxonomy":"product_cat","embeddable":true,"href":"https:\/\/www.galerie-scrapbooking.com\/en\/wp-json\/wp\/v2\/product_cat?post=6921"},{"taxonomy":"product_tag","embeddable":true,"href":"https:\/\/www.galerie-scrapbooking.com\/en\/wp-json\/wp\/v2\/product_tag?post=6921"}],"curies":[{"name":"wp","href":"https:\/\/api.w.org\/{rel}","templated":true}]}}