{"id":6898,"date":"2019-11-19T19:44:54","date_gmt":"2019-11-19T19:44:54","guid":{"rendered":"https:\/\/commparlimage.ca\/garage\/herazz\/?product=lavinia-etampe-champignon-des-pres"},"modified":"2025-05-11T12:17:47","modified_gmt":"2025-05-11T16:17:47","slug":"lavinia-etampe-champignon-des-pres","status":"publish","type":"product","link":"https:\/\/www.galerie-scrapbooking.com\/en\/produit\/lavinia-etampe-champignon-des-pres\/","title":{"rendered":"Lavinia \u00c9tampe Champignon Des Pr\u00e9s"},"content":{"rendered":"<p>\u00c9tampes acrylique, id\u00e9ales pour vos cartes ou pages de scrapbooking.<\/p>\n<p>N\u00e9cessite l&#8217;utilisation d&#8217;un bloc acrylique.<\/p>\n<p>Dimension approximative:<\/p>\n<p>2.0 x 3.0 pouces.<\/p>\n","protected":false},"excerpt":{"rendered":"<p>Lavinia Stamp &#8211; Meadow Mushroom<\/p>\n","protected":false},"featured_media":6899,"template":"","meta":{"_acf_changed":false},"product_brand":[],"product_cat":[423,342],"product_tag":[],"class_list":{"0":"post-6898","1":"product","2":"type-product","3":"status-publish","4":"has-post-thumbnail","6":"product_cat-fleurs-feuillage","7":"product_cat-etampes-lavinia","8":"pa_brand_nc-lavinia","10":"first","11":"instock","12":"taxable","13":"shipping-taxable","14":"purchasable","15":"product-type-simple"},"acf":[],"aioseo_notices":[],"_links":{"self":[{"href":"https:\/\/www.galerie-scrapbooking.com\/en\/wp-json\/wp\/v2\/product\/6898","targetHints":{"allow":["GET"]}}],"collection":[{"href":"https:\/\/www.galerie-scrapbooking.com\/en\/wp-json\/wp\/v2\/product"}],"about":[{"href":"https:\/\/www.galerie-scrapbooking.com\/en\/wp-json\/wp\/v2\/types\/product"}],"wp:featuredmedia":[{"embeddable":true,"href":"https:\/\/www.galerie-scrapbooking.com\/en\/wp-json\/wp\/v2\/media\/6899"}],"wp:attachment":[{"href":"https:\/\/www.galerie-scrapbooking.com\/en\/wp-json\/wp\/v2\/media?parent=6898"}],"wp:term":[{"taxonomy":"product_brand","embeddable":true,"href":"https:\/\/www.galerie-scrapbooking.com\/en\/wp-json\/wp\/v2\/product_brand?post=6898"},{"taxonomy":"product_cat","embeddable":true,"href":"https:\/\/www.galerie-scrapbooking.com\/en\/wp-json\/wp\/v2\/product_cat?post=6898"},{"taxonomy":"product_tag","embeddable":true,"href":"https:\/\/www.galerie-scrapbooking.com\/en\/wp-json\/wp\/v2\/product_tag?post=6898"}],"curies":[{"name":"wp","href":"https:\/\/api.w.org\/{rel}","templated":true}]}}