{"id":6867,"date":"2019-11-14T18:06:29","date_gmt":"2019-11-14T18:06:29","guid":{"rendered":"https:\/\/commparlimage.ca\/garage\/herazz\/?product=stylo-gelly-roll-pointe-medium-blanc"},"modified":"2026-02-24T13:29:54","modified_gmt":"2026-02-24T18:29:54","slug":"stylo-gelly-roll-pointe-medium-blanc","status":"publish","type":"product","link":"https:\/\/www.galerie-scrapbooking.com\/en\/produit\/stylo-gelly-roll-pointe-medium-blanc\/","title":{"rendered":"Stylo Gelly roll pointe m\u00e9dium blanc"},"content":{"rendered":"<p>Le stylo Gelly Roll est dot\u00e9 d&#8217;une encre fluide haute performance aux couleurs vraies et riches.<\/p>\n<p>Il adh\u00e8re aux surfaces mates et brillantes.<\/p>\n<p>Id\u00e9al pour le scrapbooking ou le journaling sur des papiers clairs ou fonc\u00e9s.<\/p>\n<p>\u00c9tanche, r\u00e9sistant \u00e0 la d\u00e9coloration et qualit\u00e9 archivistique.<\/p>\n","protected":false},"excerpt":{"rendered":"<p>Gelly Roll Medium Point Pen &#8211; White<\/p>\n","protected":false},"featured_media":6868,"template":"","meta":{"_acf_changed":false},"product_brand":[],"product_cat":[78],"product_tag":[],"class_list":{"0":"post-6867","1":"product","2":"type-product","3":"status-publish","4":"has-post-thumbnail","6":"product_cat-signo-sakura","7":"pa_brand_nc-sakura","9":"first","10":"instock","11":"taxable","12":"shipping-taxable","13":"purchasable","14":"product-type-simple"},"acf":[],"aioseo_notices":[],"_links":{"self":[{"href":"https:\/\/www.galerie-scrapbooking.com\/en\/wp-json\/wp\/v2\/product\/6867","targetHints":{"allow":["GET"]}}],"collection":[{"href":"https:\/\/www.galerie-scrapbooking.com\/en\/wp-json\/wp\/v2\/product"}],"about":[{"href":"https:\/\/www.galerie-scrapbooking.com\/en\/wp-json\/wp\/v2\/types\/product"}],"wp:featuredmedia":[{"embeddable":true,"href":"https:\/\/www.galerie-scrapbooking.com\/en\/wp-json\/wp\/v2\/media\/6868"}],"wp:attachment":[{"href":"https:\/\/www.galerie-scrapbooking.com\/en\/wp-json\/wp\/v2\/media?parent=6867"}],"wp:term":[{"taxonomy":"product_brand","embeddable":true,"href":"https:\/\/www.galerie-scrapbooking.com\/en\/wp-json\/wp\/v2\/product_brand?post=6867"},{"taxonomy":"product_cat","embeddable":true,"href":"https:\/\/www.galerie-scrapbooking.com\/en\/wp-json\/wp\/v2\/product_cat?post=6867"},{"taxonomy":"product_tag","embeddable":true,"href":"https:\/\/www.galerie-scrapbooking.com\/en\/wp-json\/wp\/v2\/product_tag?post=6867"}],"curies":[{"name":"wp","href":"https:\/\/api.w.org\/{rel}","templated":true}]}}