{"id":6818,"date":"2019-11-08T16:15:48","date_gmt":"2019-11-08T16:15:48","guid":{"rendered":"https:\/\/commparlimage.ca\/garage\/herazz\/?product=encre-hero-arts-licorne-blanche-opaque"},"modified":"2025-11-13T13:48:35","modified_gmt":"2025-11-13T18:48:35","slug":"encre-hero-arts-licorne-blanche-opaque","status":"publish","type":"product","link":"https:\/\/www.galerie-scrapbooking.com\/en\/produit\/encre-hero-arts-licorne-blanche-opaque\/","title":{"rendered":"Encre Hero Arts Licorne Blanche Opaque"},"content":{"rendered":"<h1>Encre Hero Arts Licorne ( Unicorn )<\/h1>\n<p>C&#8217;est une encre blanche opaque pigment\u00e9e, artisanale polyvalente pour le gaufrage, l&#8217;estampage g\u00e9n\u00e9ral et le scrapbooking.<\/p>\n<p>C&#8217;est aussi une encre thermodurcissable pour les tissus, le bois, l&#8217;argile, etc.<\/p>\n<p>L&#8217;encre r\u00e9siste \u00e0 la d\u00e9coloration et s\u00e8che en permanence sur la plupart des papiers.<\/p>\n<p>Sans acide et qualit\u00e9 archivistique.<\/p>\n","protected":false},"excerpt":{"rendered":"<p>Hero Arts Pigment Ink Pad &#8211; Unicorn<\/p>\n","protected":false},"featured_media":6819,"template":"","meta":{"_acf_changed":false},"product_brand":[],"product_cat":[115],"product_tag":[],"class_list":{"0":"post-6818","1":"product","2":"type-product","3":"status-publish","4":"has-post-thumbnail","6":"product_cat-encres-accessoires","7":"pa_brand_nc-hero-arts","9":"first","10":"instock","11":"taxable","12":"shipping-taxable","13":"purchasable","14":"product-type-simple"},"acf":[],"aioseo_notices":[],"_links":{"self":[{"href":"https:\/\/www.galerie-scrapbooking.com\/en\/wp-json\/wp\/v2\/product\/6818","targetHints":{"allow":["GET"]}}],"collection":[{"href":"https:\/\/www.galerie-scrapbooking.com\/en\/wp-json\/wp\/v2\/product"}],"about":[{"href":"https:\/\/www.galerie-scrapbooking.com\/en\/wp-json\/wp\/v2\/types\/product"}],"wp:featuredmedia":[{"embeddable":true,"href":"https:\/\/www.galerie-scrapbooking.com\/en\/wp-json\/wp\/v2\/media\/6819"}],"wp:attachment":[{"href":"https:\/\/www.galerie-scrapbooking.com\/en\/wp-json\/wp\/v2\/media?parent=6818"}],"wp:term":[{"taxonomy":"product_brand","embeddable":true,"href":"https:\/\/www.galerie-scrapbooking.com\/en\/wp-json\/wp\/v2\/product_brand?post=6818"},{"taxonomy":"product_cat","embeddable":true,"href":"https:\/\/www.galerie-scrapbooking.com\/en\/wp-json\/wp\/v2\/product_cat?post=6818"},{"taxonomy":"product_tag","embeddable":true,"href":"https:\/\/www.galerie-scrapbooking.com\/en\/wp-json\/wp\/v2\/product_tag?post=6818"}],"curies":[{"name":"wp","href":"https:\/\/api.w.org\/{rel}","templated":true}]}}