{"id":6815,"date":"2019-11-08T15:58:48","date_gmt":"2019-11-08T15:58:48","guid":{"rendered":"https:\/\/commparlimage.ca\/garage\/herazz\/?product=spellbinders-glimmer-hot-foil-system"},"modified":"2026-02-18T11:38:09","modified_gmt":"2026-02-18T16:38:09","slug":"spellbinders-glimmer-hot-foil-system","status":"publish","type":"product","link":"https:\/\/www.galerie-scrapbooking.com\/en\/produit\/spellbinders-glimmer-hot-foil-system\/","title":{"rendered":"Spellbinders Glimmer Hot Foil System"},"content":{"rendered":"<h1><strong>Spellbinders\u00a0Glimmer Hot Foil System<br \/>\n<\/strong><\/h1>\n<p>Ajoutez du &#8220;Foil&#8221; (effet m\u00e9tallique) \u00e0 vos cartes, \u00e0 vos bo\u00eetes et \u00e0 tous vos projets de bricolage! D\u00e9couvrez cet appareil fantastique!<\/p>\n<p><strong><em>L&#8217;appareil Glimmer Hot Foil System<\/em><\/strong> fonctionne sur cardstock, cuir, ruban, tissu et autres mat\u00e9riaux.<\/p>\n<p>Compatible avec les machines suivantes:<\/p>\n<p><strong>Spellbinders<\/strong> Platinum et Platinum 6<br \/>\n<strong>Sizzix:<\/strong> Bigshot, Bigshot Plus, Bigshot Express, Bigkick<br \/>\n<strong>Tim Holtz:<\/strong> Vagabond<br \/>\n<strong>Ainsi que:<\/strong> Amaze, W R Memory Keepers Revolution, Craftwell Ebosser, Jand Davenport Deep Sea<\/p>\n<p>Ce paquet de 13 x 9,5 pouces contient une presse \u00e0 chaud, un cordon d\u2019alimentation (6 pi), une shim, une plaque mince, un coussin de refroidissement en silicone, un outil de ramassager aimant\u00e9, un ensemble de 2 matrices Hot Foil et des rouleaux de papier Foil de d\u00e9part (argent et or rose).<\/p>\n<p>Toujours prendre le papier Glimmer Hot Foil de Spellbinders.<\/p>\n<p>Pour la garantie :<br \/>\n30 jours avec nous (usage normal).<br \/>\nEt la compagnie Spellbinders offre une garantie limit\u00e9e de 1 an (usage normal).<\/p>\n<p>Voici une vid\u00e9o de d\u00e9monstration de Jennifer McGuire (comment s&#8217;en servir ainsi que des trucs):<\/p>\n<p><iframe loading=\"lazy\" src=\"https:\/\/www.youtube.com\/embed\/UmX1hXh5vC4?start=374\" width=\"560\" height=\"315\" frameborder=\"0\" allowfullscreen=\"allowfullscreen\"><\/iframe><\/p>\n","protected":false},"excerpt":{"rendered":"<p>Spellbinders Glimmer Hot Foil System<\/p>\n","protected":false},"featured_media":6816,"template":"","meta":{"_acf_changed":false},"product_brand":[],"product_cat":[343,198,86],"product_tag":[],"class_list":{"0":"post-6815","1":"product","2":"type-product","3":"status-publish","4":"has-post-thumbnail","6":"product_cat-spellbinder-glimmer-hot-foil-system","7":"product_cat-grand-calibur-spellbinders","8":"product_cat-spellbinders","9":"pa_brand_nc-spellbinders","11":"first","12":"instock","13":"taxable","14":"shipping-taxable","15":"purchasable","16":"product-type-simple"},"acf":[],"aioseo_notices":[],"_links":{"self":[{"href":"https:\/\/www.galerie-scrapbooking.com\/en\/wp-json\/wp\/v2\/product\/6815","targetHints":{"allow":["GET"]}}],"collection":[{"href":"https:\/\/www.galerie-scrapbooking.com\/en\/wp-json\/wp\/v2\/product"}],"about":[{"href":"https:\/\/www.galerie-scrapbooking.com\/en\/wp-json\/wp\/v2\/types\/product"}],"wp:featuredmedia":[{"embeddable":true,"href":"https:\/\/www.galerie-scrapbooking.com\/en\/wp-json\/wp\/v2\/media\/6816"}],"wp:attachment":[{"href":"https:\/\/www.galerie-scrapbooking.com\/en\/wp-json\/wp\/v2\/media?parent=6815"}],"wp:term":[{"taxonomy":"product_brand","embeddable":true,"href":"https:\/\/www.galerie-scrapbooking.com\/en\/wp-json\/wp\/v2\/product_brand?post=6815"},{"taxonomy":"product_cat","embeddable":true,"href":"https:\/\/www.galerie-scrapbooking.com\/en\/wp-json\/wp\/v2\/product_cat?post=6815"},{"taxonomy":"product_tag","embeddable":true,"href":"https:\/\/www.galerie-scrapbooking.com\/en\/wp-json\/wp\/v2\/product_tag?post=6815"}],"curies":[{"name":"wp","href":"https:\/\/api.w.org\/{rel}","templated":true}]}}