{"id":6792,"date":"2019-10-30T18:39:27","date_gmt":"2019-10-30T18:39:27","guid":{"rendered":"https:\/\/commparlimage.ca\/garage\/herazz\/?product=we-r-memory-keepers-outil-tout-en-un"},"modified":"2024-03-05T21:16:19","modified_gmt":"2024-03-06T02:16:19","slug":"we-r-memory-keepers-outil-tout-en-un","status":"publish","type":"product","link":"https:\/\/www.galerie-scrapbooking.com\/en\/produit\/we-r-memory-keepers-outil-tout-en-un\/","title":{"rendered":"We R Memory Keepers Outil tout-en-un"},"content":{"rendered":"<p>Cet appareil Combine plus d&#8217;une douzaine d&#8217;outils indispensables dans un seul et m\u00eame design!\u00a0 Parfait pour rogner, marquer, banni\u00e8res, enveloppes, onglets, \u00e9tiquettes, pompons, n\u0153uds, tampons, etc.<\/p>\n<p>Rangement pratique pour tous les accessoires.<\/p>\n<p>Ce paquet de 12 x 17 pouces contient une tranche, bone folder, un fabricant de banni\u00e8re, bani\u00e8res, enveloppes, un tableau de pliage, une presse \u00e0 \u00e9tampes et des aimants, un arrondisseur d&#8217;angle, un perforateur, une base magn\u00e9tique et un manuel.<\/p>\n<p>&nbsp;<\/p>\n<p>Video de d\u00e9monstration:<\/p>\n<p><iframe loading=\"lazy\" src=\"https:\/\/www.youtube.com\/embed\/NvLoDg-s1Lg\" width=\"560\" height=\"315\" frameborder=\"0\" allowfullscreen=\"allowfullscreen\"><\/iframe><\/p>\n","protected":false},"excerpt":{"rendered":"<p>We R Memory Keepers The Works All-In-One Tool<\/p>\n","protected":false},"featured_media":6793,"template":"","meta":{"_acf_changed":false},"product_brand":[],"product_cat":[131,385],"product_tag":[],"class_list":{"0":"post-6792","1":"product","2":"type-product","3":"status-publish","4":"has-post-thumbnail","6":"product_cat-outils-de-coupe-scrapbooking","7":"product_cat-we-r-memory-keepers","8":"pa_brand_nc-we-r-memory-keepers","10":"first","11":"instock","12":"taxable","13":"shipping-taxable","14":"purchasable","15":"product-type-simple"},"acf":[],"aioseo_notices":[],"_links":{"self":[{"href":"https:\/\/www.galerie-scrapbooking.com\/en\/wp-json\/wp\/v2\/product\/6792","targetHints":{"allow":["GET"]}}],"collection":[{"href":"https:\/\/www.galerie-scrapbooking.com\/en\/wp-json\/wp\/v2\/product"}],"about":[{"href":"https:\/\/www.galerie-scrapbooking.com\/en\/wp-json\/wp\/v2\/types\/product"}],"wp:featuredmedia":[{"embeddable":true,"href":"https:\/\/www.galerie-scrapbooking.com\/en\/wp-json\/wp\/v2\/media\/6793"}],"wp:attachment":[{"href":"https:\/\/www.galerie-scrapbooking.com\/en\/wp-json\/wp\/v2\/media?parent=6792"}],"wp:term":[{"taxonomy":"product_brand","embeddable":true,"href":"https:\/\/www.galerie-scrapbooking.com\/en\/wp-json\/wp\/v2\/product_brand?post=6792"},{"taxonomy":"product_cat","embeddable":true,"href":"https:\/\/www.galerie-scrapbooking.com\/en\/wp-json\/wp\/v2\/product_cat?post=6792"},{"taxonomy":"product_tag","embeddable":true,"href":"https:\/\/www.galerie-scrapbooking.com\/en\/wp-json\/wp\/v2\/product_tag?post=6792"}],"curies":[{"name":"wp","href":"https:\/\/api.w.org\/{rel}","templated":true}]}}