{"id":6788,"date":"2019-10-30T17:57:18","date_gmt":"2019-10-30T17:57:18","guid":{"rendered":"https:\/\/commparlimage.ca\/garage\/herazz\/?product=penny-black-dies-creche"},"modified":"2023-12-24T10:54:16","modified_gmt":"2023-12-24T15:54:16","slug":"penny-black-dies-creche","status":"publish","type":"product","link":"https:\/\/www.galerie-scrapbooking.com\/en\/produit\/penny-black-dies-creche\/","title":{"rendered":"Penny Black Dies Cr\u00e8che"},"content":{"rendered":"<p>Penny Black\u00a0matrice de d\u00e9coupes, pour d\u00e9couper parfaitement le papier, facile \u00e0 utiliser avec la Cuttlebug, Vagabond, Grand calibur ou autres machines du m\u00eame genre.<\/p>\n<p>Grandeurs approximatives:<\/p>\n<p>2.7 x 2.6 pouces<\/p>\n","protected":false},"excerpt":{"rendered":"<p>Penny Black Creative Dies &#8211; Heavenly 2.7&#8243;X2.6&#8243;<\/p>\n","protected":false},"featured_media":6789,"template":"","meta":{"_acf_changed":false},"product_brand":[],"product_cat":[237],"product_tag":[],"class_list":{"0":"post-6788","1":"product","2":"type-product","3":"status-publish","4":"has-post-thumbnail","6":"product_cat-joy-dies-matrices-decoupes","7":"pa_brand_nc-penny-black","9":"first","10":"instock","11":"taxable","12":"shipping-taxable","13":"purchasable","14":"product-type-simple"},"acf":[],"aioseo_notices":[],"_links":{"self":[{"href":"https:\/\/www.galerie-scrapbooking.com\/en\/wp-json\/wp\/v2\/product\/6788","targetHints":{"allow":["GET"]}}],"collection":[{"href":"https:\/\/www.galerie-scrapbooking.com\/en\/wp-json\/wp\/v2\/product"}],"about":[{"href":"https:\/\/www.galerie-scrapbooking.com\/en\/wp-json\/wp\/v2\/types\/product"}],"wp:featuredmedia":[{"embeddable":true,"href":"https:\/\/www.galerie-scrapbooking.com\/en\/wp-json\/wp\/v2\/media\/6789"}],"wp:attachment":[{"href":"https:\/\/www.galerie-scrapbooking.com\/en\/wp-json\/wp\/v2\/media?parent=6788"}],"wp:term":[{"taxonomy":"product_brand","embeddable":true,"href":"https:\/\/www.galerie-scrapbooking.com\/en\/wp-json\/wp\/v2\/product_brand?post=6788"},{"taxonomy":"product_cat","embeddable":true,"href":"https:\/\/www.galerie-scrapbooking.com\/en\/wp-json\/wp\/v2\/product_cat?post=6788"},{"taxonomy":"product_tag","embeddable":true,"href":"https:\/\/www.galerie-scrapbooking.com\/en\/wp-json\/wp\/v2\/product_tag?post=6788"}],"curies":[{"name":"wp","href":"https:\/\/api.w.org\/{rel}","templated":true}]}}