{"id":6763,"date":"2019-10-28T18:06:04","date_gmt":"2019-10-28T18:06:04","guid":{"rendered":"https:\/\/commparlimage.ca\/garage\/herazz\/?product=ez-runner-permanent-pour-velin"},"modified":"2026-04-19T10:15:39","modified_gmt":"2026-04-19T14:15:39","slug":"ez-runner-permanent-pour-velin","status":"publish","type":"product","link":"https:\/\/www.galerie-scrapbooking.com\/en\/produit\/ez-runner-permanent-pour-velin\/","title":{"rendered":"EZ Runner Permanent pour v\u00e9lin"},"content":{"rendered":"<h1>EZ Runner Permanent pour v\u00e9lin<\/h1>\n<p>Adh\u00e9sif permanent double face pour vellum. Id\u00e9al pour papier v\u00e9lin et papier transparent.<\/p>\n<p>Adh\u00e9sif id\u00e9al pour lignes droites sur les cartes, projets de scrapbooking et mixed m\u00e9dia.<\/p>\n","protected":false},"excerpt":{"rendered":"<p>Scrapbook Adhesives E-Z Runner Fine Adhesive, 0.375&#8243;X49&#8242;<\/p>\n","protected":false},"featured_media":6764,"template":"","meta":{"_acf_changed":false},"product_brand":[],"product_cat":[43],"product_tag":[],"class_list":{"0":"post-6763","1":"product","2":"type-product","3":"status-publish","4":"has-post-thumbnail","6":"product_cat-adhesifs-double-face","7":"pa_brand_nc-scrapbook-adhesive","9":"first","10":"instock","11":"taxable","12":"shipping-taxable","13":"purchasable","14":"product-type-simple"},"acf":[],"aioseo_notices":[],"_links":{"self":[{"href":"https:\/\/www.galerie-scrapbooking.com\/en\/wp-json\/wp\/v2\/product\/6763","targetHints":{"allow":["GET"]}}],"collection":[{"href":"https:\/\/www.galerie-scrapbooking.com\/en\/wp-json\/wp\/v2\/product"}],"about":[{"href":"https:\/\/www.galerie-scrapbooking.com\/en\/wp-json\/wp\/v2\/types\/product"}],"wp:featuredmedia":[{"embeddable":true,"href":"https:\/\/www.galerie-scrapbooking.com\/en\/wp-json\/wp\/v2\/media\/6764"}],"wp:attachment":[{"href":"https:\/\/www.galerie-scrapbooking.com\/en\/wp-json\/wp\/v2\/media?parent=6763"}],"wp:term":[{"taxonomy":"product_brand","embeddable":true,"href":"https:\/\/www.galerie-scrapbooking.com\/en\/wp-json\/wp\/v2\/product_brand?post=6763"},{"taxonomy":"product_cat","embeddable":true,"href":"https:\/\/www.galerie-scrapbooking.com\/en\/wp-json\/wp\/v2\/product_cat?post=6763"},{"taxonomy":"product_tag","embeddable":true,"href":"https:\/\/www.galerie-scrapbooking.com\/en\/wp-json\/wp\/v2\/product_tag?post=6763"}],"curies":[{"name":"wp","href":"https:\/\/api.w.org\/{rel}","templated":true}]}}