{"id":6758,"date":"2019-10-24T17:36:37","date_gmt":"2019-10-24T17:36:37","guid":{"rendered":"https:\/\/commparlimage.ca\/garage\/herazz\/?product=tim-holtz-distress-mica-flocons"},"modified":"2025-02-24T11:45:27","modified_gmt":"2025-02-24T16:45:27","slug":"tim-holtz-distress-mica-flocons","status":"publish","type":"product","link":"https:\/\/www.galerie-scrapbooking.com\/en\/produit\/tim-holtz-distress-mica-flocons\/","title":{"rendered":"Tim Holtz Distress Mica Flocons"},"content":{"rendered":"<h1>Tim Holtz Distress Mica Flocons<\/h1>\n<p>Cet assortiment de flocons de mica translucides de diff\u00e9rentes tailles ajoutera un \u00e9clat subtil \u00e0 l\u2019ancienne.<\/p>\n<p>Coller les flocons avec du Distress collage medium, Glossy Accents ou d\u2019autres adh\u00e9sifs.<\/p>\n","protected":false},"excerpt":{"rendered":"<p>Tim Holtz Distress Mica Flakes 50g<\/p>\n","protected":false},"featured_media":6759,"template":"","meta":{"_acf_changed":false},"product_brand":[],"product_cat":[99],"product_tag":[],"class_list":{"0":"post-6758","1":"product","2":"type-product","3":"status-publish","4":"has-post-thumbnail","6":"product_cat-tim-holtz-scrapbooking","7":"pa_brand_nc-tim-holtz","9":"first","10":"instock","11":"taxable","12":"shipping-taxable","13":"purchasable","14":"product-type-simple"},"acf":[],"aioseo_notices":[],"_links":{"self":[{"href":"https:\/\/www.galerie-scrapbooking.com\/en\/wp-json\/wp\/v2\/product\/6758","targetHints":{"allow":["GET"]}}],"collection":[{"href":"https:\/\/www.galerie-scrapbooking.com\/en\/wp-json\/wp\/v2\/product"}],"about":[{"href":"https:\/\/www.galerie-scrapbooking.com\/en\/wp-json\/wp\/v2\/types\/product"}],"wp:featuredmedia":[{"embeddable":true,"href":"https:\/\/www.galerie-scrapbooking.com\/en\/wp-json\/wp\/v2\/media\/6759"}],"wp:attachment":[{"href":"https:\/\/www.galerie-scrapbooking.com\/en\/wp-json\/wp\/v2\/media?parent=6758"}],"wp:term":[{"taxonomy":"product_brand","embeddable":true,"href":"https:\/\/www.galerie-scrapbooking.com\/en\/wp-json\/wp\/v2\/product_brand?post=6758"},{"taxonomy":"product_cat","embeddable":true,"href":"https:\/\/www.galerie-scrapbooking.com\/en\/wp-json\/wp\/v2\/product_cat?post=6758"},{"taxonomy":"product_tag","embeddable":true,"href":"https:\/\/www.galerie-scrapbooking.com\/en\/wp-json\/wp\/v2\/product_tag?post=6758"}],"curies":[{"name":"wp","href":"https:\/\/api.w.org\/{rel}","templated":true}]}}