{"id":6754,"date":"2019-10-24T17:24:51","date_gmt":"2019-10-24T17:24:51","guid":{"rendered":"https:\/\/commparlimage.ca\/garage\/herazz\/?product=tim-holtz-glass-media-mat-pour-gaucher"},"modified":"2025-01-20T11:12:34","modified_gmt":"2025-01-20T16:12:34","slug":"tim-holtz-glass-media-mat-pour-gaucher","status":"publish","type":"product","link":"https:\/\/www.galerie-scrapbooking.com\/en\/produit\/tim-holtz-glass-media-mat-pour-gaucher\/","title":{"rendered":"Tim Holtz Glass Media Mat pour gaucher"},"content":{"rendered":"<p>De Tim Holtz, Glass Media Mat de 23.75&#8243;X14.25&#8243;.<\/p>\n<p>Comprend grille pour mesurer 12 x 14 pouces, palette pour m\u00e9langer de 7.5 x 11 pouces, une surface non-collante resitant \u00e0 la chaleur.<\/p>\n<p>Fabriqu\u00e9e en verre tremp\u00e9, elle doit \u00eatre utilis\u00e9e pour couper uniquement.<\/p>\n<p>Ne pas laisser tomber ou frapper directement sur cette surface de verre.<\/p>\n<p>Voici une vid\u00e9o de d\u00e9monstration:<\/p>\n<p><iframe loading=\"lazy\" src=\"https:\/\/www.youtube.com\/embed\/1bUJT-KQVf0\" width=\"560\" height=\"315\" frameborder=\"0\" allowfullscreen=\"allowfullscreen\"><\/iframe><\/p>\n","protected":false},"excerpt":{"rendered":"<p>Tim Holtz Glass Media Mat 23.75&#8243;X14.25&#8243; &#8211; Left-Handed<\/p>\n","protected":false},"featured_media":6755,"template":"","meta":{"_acf_changed":false},"product_brand":[],"product_cat":[131,386],"product_tag":[],"class_list":{"0":"post-6754","1":"product","2":"type-product","3":"status-publish","4":"has-post-thumbnail","6":"product_cat-outils-de-coupe-scrapbooking","7":"product_cat-tim-holtz-ranger","8":"pa_brand_nc-tim-holtz","10":"first","11":"instock","12":"taxable","13":"shipping-taxable","14":"purchasable","15":"product-type-simple"},"acf":[],"aioseo_notices":[],"_links":{"self":[{"href":"https:\/\/www.galerie-scrapbooking.com\/en\/wp-json\/wp\/v2\/product\/6754","targetHints":{"allow":["GET"]}}],"collection":[{"href":"https:\/\/www.galerie-scrapbooking.com\/en\/wp-json\/wp\/v2\/product"}],"about":[{"href":"https:\/\/www.galerie-scrapbooking.com\/en\/wp-json\/wp\/v2\/types\/product"}],"wp:featuredmedia":[{"embeddable":true,"href":"https:\/\/www.galerie-scrapbooking.com\/en\/wp-json\/wp\/v2\/media\/6755"}],"wp:attachment":[{"href":"https:\/\/www.galerie-scrapbooking.com\/en\/wp-json\/wp\/v2\/media?parent=6754"}],"wp:term":[{"taxonomy":"product_brand","embeddable":true,"href":"https:\/\/www.galerie-scrapbooking.com\/en\/wp-json\/wp\/v2\/product_brand?post=6754"},{"taxonomy":"product_cat","embeddable":true,"href":"https:\/\/www.galerie-scrapbooking.com\/en\/wp-json\/wp\/v2\/product_cat?post=6754"},{"taxonomy":"product_tag","embeddable":true,"href":"https:\/\/www.galerie-scrapbooking.com\/en\/wp-json\/wp\/v2\/product_tag?post=6754"}],"curies":[{"name":"wp","href":"https:\/\/api.w.org\/{rel}","templated":true}]}}