{"id":6740,"date":"2019-10-24T17:02:41","date_gmt":"2019-10-24T17:02:41","guid":{"rendered":"https:\/\/commparlimage.ca\/garage\/herazz\/?product=yvonne-creations-die-cadre-noel"},"modified":"2024-04-29T20:47:00","modified_gmt":"2024-04-30T00:47:00","slug":"yvonne-creations-die-cadre-noel","status":"publish","type":"product","link":"https:\/\/www.galerie-scrapbooking.com\/en\/produit\/yvonne-creations-die-cadre-noel\/","title":{"rendered":"Yvonne Creations Die Cadre No\u00ebl"},"content":{"rendered":"<p>Yvonne Creations\u00a0d\u00e9coupes, pour d\u00e9couper parfaitement le papier, facile \u00e0 utiliser avec la Cuttlebug, Big Shot, Grand calibur ou autres machines du m\u00eame genre<\/p>\n<p>11.8 x 13.1 cm.<\/p>\n","protected":false},"excerpt":{"rendered":"<p>Dies &#8211; Yvonne Creations &#8211; Sweet Christmas &#8211; Sweet Christmas Frame<\/p>\n","protected":false},"featured_media":6741,"template":"","meta":{"_acf_changed":false},"product_brand":[],"product_cat":[286],"product_tag":[],"class_list":{"0":"post-6740","1":"product","2":"type-product","3":"status-publish","4":"has-post-thumbnail","6":"product_cat-yvonne-creation-die","7":"pa_brand_nc-yvonne-creations","9":"first","10":"instock","11":"taxable","12":"shipping-taxable","13":"purchasable","14":"product-type-simple"},"acf":[],"aioseo_notices":[],"_links":{"self":[{"href":"https:\/\/www.galerie-scrapbooking.com\/en\/wp-json\/wp\/v2\/product\/6740","targetHints":{"allow":["GET"]}}],"collection":[{"href":"https:\/\/www.galerie-scrapbooking.com\/en\/wp-json\/wp\/v2\/product"}],"about":[{"href":"https:\/\/www.galerie-scrapbooking.com\/en\/wp-json\/wp\/v2\/types\/product"}],"wp:featuredmedia":[{"embeddable":true,"href":"https:\/\/www.galerie-scrapbooking.com\/en\/wp-json\/wp\/v2\/media\/6741"}],"wp:attachment":[{"href":"https:\/\/www.galerie-scrapbooking.com\/en\/wp-json\/wp\/v2\/media?parent=6740"}],"wp:term":[{"taxonomy":"product_brand","embeddable":true,"href":"https:\/\/www.galerie-scrapbooking.com\/en\/wp-json\/wp\/v2\/product_brand?post=6740"},{"taxonomy":"product_cat","embeddable":true,"href":"https:\/\/www.galerie-scrapbooking.com\/en\/wp-json\/wp\/v2\/product_cat?post=6740"},{"taxonomy":"product_tag","embeddable":true,"href":"https:\/\/www.galerie-scrapbooking.com\/en\/wp-json\/wp\/v2\/product_tag?post=6740"}],"curies":[{"name":"wp","href":"https:\/\/api.w.org\/{rel}","templated":true}]}}