{"id":6691,"date":"2019-10-09T13:28:35","date_gmt":"2019-10-09T13:28:35","guid":{"rendered":"https:\/\/commparlimage.ca\/garage\/herazz\/?product=aimants-pour-wendy-vecchi-make-art-stay-tion-1"},"modified":"2025-05-05T14:09:39","modified_gmt":"2025-05-05T18:09:39","slug":"aimants-pour-wendy-vecchi-make-art-stay-tion-1","status":"publish","type":"product","link":"https:\/\/www.galerie-scrapbooking.com\/en\/produit\/aimants-pour-wendy-vecchi-make-art-stay-tion-1\/","title":{"rendered":"Aimants pour Wendy Vecchi MAKE ART Stay-tion 1&#8243;"},"content":{"rendered":"<h1>Aimants pour Wendy Vecchi MAKE ART Stay-tion<\/h1>\n<p>4 aimants de rechange pour la Wendy Vecchi MAKE ART Stay-tion<\/p>\n<p>Aimants circulaires de 1 pouce de diam\u00e8tre.<\/p>\n<p>\u00c0 cause de la fragilit\u00e9 de ces aimants, ils ne sont pas garantis, remplac\u00e9s ou \u00e9chang\u00e9s.<\/p>\n","protected":false},"excerpt":{"rendered":"<p>Wendy Vecchi MAKE ART Stay-tion 1&#8243; Magnets 4\/Pkg<\/p>\n","protected":false},"featured_media":6692,"template":"","meta":{"_acf_changed":false},"product_brand":[],"product_cat":[132],"product_tag":[],"class_list":{"0":"post-6691","1":"product","2":"type-product","3":"status-publish","4":"has-post-thumbnail","6":"product_cat-outils-accessoires-autres","7":"pa_brand_nc-autres","9":"first","10":"instock","11":"taxable","12":"shipping-taxable","13":"purchasable","14":"product-type-simple"},"acf":[],"aioseo_notices":[],"_links":{"self":[{"href":"https:\/\/www.galerie-scrapbooking.com\/en\/wp-json\/wp\/v2\/product\/6691","targetHints":{"allow":["GET"]}}],"collection":[{"href":"https:\/\/www.galerie-scrapbooking.com\/en\/wp-json\/wp\/v2\/product"}],"about":[{"href":"https:\/\/www.galerie-scrapbooking.com\/en\/wp-json\/wp\/v2\/types\/product"}],"wp:featuredmedia":[{"embeddable":true,"href":"https:\/\/www.galerie-scrapbooking.com\/en\/wp-json\/wp\/v2\/media\/6692"}],"wp:attachment":[{"href":"https:\/\/www.galerie-scrapbooking.com\/en\/wp-json\/wp\/v2\/media?parent=6691"}],"wp:term":[{"taxonomy":"product_brand","embeddable":true,"href":"https:\/\/www.galerie-scrapbooking.com\/en\/wp-json\/wp\/v2\/product_brand?post=6691"},{"taxonomy":"product_cat","embeddable":true,"href":"https:\/\/www.galerie-scrapbooking.com\/en\/wp-json\/wp\/v2\/product_cat?post=6691"},{"taxonomy":"product_tag","embeddable":true,"href":"https:\/\/www.galerie-scrapbooking.com\/en\/wp-json\/wp\/v2\/product_tag?post=6691"}],"curies":[{"name":"wp","href":"https:\/\/api.w.org\/{rel}","templated":true}]}}