{"id":6626,"date":"2019-08-28T18:58:59","date_gmt":"2019-08-28T18:58:59","guid":{"rendered":"https:\/\/commparlimage.ca\/garage\/herazz\/?product=pochette-de-rangement-petite"},"modified":"2023-12-23T10:31:14","modified_gmt":"2023-12-23T15:31:14","slug":"pochette-de-rangement-petite","status":"publish","type":"product","link":"https:\/\/www.galerie-scrapbooking.com\/en\/produit\/pochette-de-rangement-petite\/","title":{"rendered":"Pochette de rangement petite"},"content":{"rendered":"<p>De Avery Elle, pochette de rangement \u00e0 fermeture \u00e9clair en vinyl transparent renforc\u00e9 ce qui nous permet de voir facilement ce qui se trouve \u00e0 l&#8217;int\u00e9rieur.<\/p>\n<p>Dimension approximative:<\/p>\n<p>8.25 x 10 pouces<\/p>\n","protected":false},"excerpt":{"rendered":"<p>Avery Elle Zippered Vinyl Mesh Pouch small<\/p>\n","protected":false},"featured_media":6627,"template":"","meta":{"_acf_changed":false},"product_brand":[],"product_cat":[238],"product_tag":[],"class_list":{"0":"post-6626","1":"product","2":"type-product","3":"status-publish","4":"has-post-thumbnail","6":"product_cat-rangements-scrapbooking","7":"pa_brand_nc-autres","9":"first","10":"instock","11":"taxable","12":"shipping-taxable","13":"purchasable","14":"product-type-simple"},"acf":[],"aioseo_notices":[],"_links":{"self":[{"href":"https:\/\/www.galerie-scrapbooking.com\/en\/wp-json\/wp\/v2\/product\/6626","targetHints":{"allow":["GET"]}}],"collection":[{"href":"https:\/\/www.galerie-scrapbooking.com\/en\/wp-json\/wp\/v2\/product"}],"about":[{"href":"https:\/\/www.galerie-scrapbooking.com\/en\/wp-json\/wp\/v2\/types\/product"}],"wp:featuredmedia":[{"embeddable":true,"href":"https:\/\/www.galerie-scrapbooking.com\/en\/wp-json\/wp\/v2\/media\/6627"}],"wp:attachment":[{"href":"https:\/\/www.galerie-scrapbooking.com\/en\/wp-json\/wp\/v2\/media?parent=6626"}],"wp:term":[{"taxonomy":"product_brand","embeddable":true,"href":"https:\/\/www.galerie-scrapbooking.com\/en\/wp-json\/wp\/v2\/product_brand?post=6626"},{"taxonomy":"product_cat","embeddable":true,"href":"https:\/\/www.galerie-scrapbooking.com\/en\/wp-json\/wp\/v2\/product_cat?post=6626"},{"taxonomy":"product_tag","embeddable":true,"href":"https:\/\/www.galerie-scrapbooking.com\/en\/wp-json\/wp\/v2\/product_tag?post=6626"}],"curies":[{"name":"wp","href":"https:\/\/api.w.org\/{rel}","templated":true}]}}