{"id":6608,"date":"2019-08-28T17:31:36","date_gmt":"2019-08-28T17:31:36","guid":{"rendered":"https:\/\/commparlimage.ca\/garage\/herazz\/?product=charms-breloques-prima-emailles-noel"},"modified":"2024-03-08T13:35:48","modified_gmt":"2024-03-08T18:35:48","slug":"charms-breloques-prima-emailles-noel","status":"publish","type":"product","link":"https:\/\/www.galerie-scrapbooking.com\/en\/produit\/charms-breloques-prima-emailles-noel\/","title":{"rendered":"Charms Breloques Prima \u00e9maill\u00e9s No\u00ebl"},"content":{"rendered":"<p>4 Charms ou embellissements divers pour embellir tous vos projets de scrapbooking<\/p>\n","protected":false},"excerpt":{"rendered":"<p>Christmas In The Country Enamel Charms 4\/Pkg<\/p>\n","protected":false},"featured_media":6609,"template":"","meta":{"_acf_changed":false},"product_brand":[],"product_cat":[93],"product_tag":[],"class_list":{"0":"post-6608","1":"product","2":"type-product","3":"status-publish","4":"has-post-thumbnail","6":"product_cat-charms-scrapbooking","7":"pa_brand_nc-prima","9":"first","10":"instock","11":"taxable","12":"shipping-taxable","13":"purchasable","14":"product-type-simple"},"acf":[],"aioseo_notices":[],"_links":{"self":[{"href":"https:\/\/www.galerie-scrapbooking.com\/en\/wp-json\/wp\/v2\/product\/6608","targetHints":{"allow":["GET"]}}],"collection":[{"href":"https:\/\/www.galerie-scrapbooking.com\/en\/wp-json\/wp\/v2\/product"}],"about":[{"href":"https:\/\/www.galerie-scrapbooking.com\/en\/wp-json\/wp\/v2\/types\/product"}],"wp:featuredmedia":[{"embeddable":true,"href":"https:\/\/www.galerie-scrapbooking.com\/en\/wp-json\/wp\/v2\/media\/6609"}],"wp:attachment":[{"href":"https:\/\/www.galerie-scrapbooking.com\/en\/wp-json\/wp\/v2\/media?parent=6608"}],"wp:term":[{"taxonomy":"product_brand","embeddable":true,"href":"https:\/\/www.galerie-scrapbooking.com\/en\/wp-json\/wp\/v2\/product_brand?post=6608"},{"taxonomy":"product_cat","embeddable":true,"href":"https:\/\/www.galerie-scrapbooking.com\/en\/wp-json\/wp\/v2\/product_cat?post=6608"},{"taxonomy":"product_tag","embeddable":true,"href":"https:\/\/www.galerie-scrapbooking.com\/en\/wp-json\/wp\/v2\/product_tag?post=6608"}],"curies":[{"name":"wp","href":"https:\/\/api.w.org\/{rel}","templated":true}]}}