{"id":6606,"date":"2019-08-28T17:26:06","date_gmt":"2019-08-28T17:26:06","guid":{"rendered":"https:\/\/commparlimage.ca\/garage\/herazz\/?product=rangement-pour-distress-spray"},"modified":"2024-10-20T11:47:45","modified_gmt":"2024-10-20T15:47:45","slug":"rangement-pour-distress-spray","status":"publish","type":"product","link":"https:\/\/www.galerie-scrapbooking.com\/en\/produit\/rangement-pour-distress-spray\/","title":{"rendered":"Rangement pour Distress Spray"},"content":{"rendered":"<p>Ce contenant est la solution id\u00e9ale pour ranger vos Distress Spray Stains ou vos Distress Oxide Sprays.<\/p>\n<p>Organisez et transportez facilement vos Distress Sprays dans ce rangement en m\u00e9tal. Comprend une fen\u00eatre transparente et un fermoir en m\u00e9tal.<\/p>\n<p>Chaque rangement contient des s\u00e9parateurs vous permetttant de ranger 12 Distress Spray.<\/p>\n","protected":false},"excerpt":{"rendered":"<p>Tim Holtz Distress Spray Storage Tin<\/p>\n","protected":false},"featured_media":6607,"template":"","meta":{"_acf_changed":false},"product_brand":[],"product_cat":[115,338,268,238],"product_tag":[],"class_list":{"0":"post-6606","1":"product","2":"type-product","3":"status-publish","4":"has-post-thumbnail","6":"product_cat-encres-accessoires","7":"product_cat-distress-oxide-spray","8":"product_cat-distress-spray-stain","9":"product_cat-rangements-scrapbooking","10":"pa_brand_nc-tim-holtz","12":"first","13":"instock","14":"taxable","15":"shipping-taxable","16":"purchasable","17":"product-type-simple"},"acf":[],"aioseo_notices":[],"_links":{"self":[{"href":"https:\/\/www.galerie-scrapbooking.com\/en\/wp-json\/wp\/v2\/product\/6606","targetHints":{"allow":["GET"]}}],"collection":[{"href":"https:\/\/www.galerie-scrapbooking.com\/en\/wp-json\/wp\/v2\/product"}],"about":[{"href":"https:\/\/www.galerie-scrapbooking.com\/en\/wp-json\/wp\/v2\/types\/product"}],"wp:featuredmedia":[{"embeddable":true,"href":"https:\/\/www.galerie-scrapbooking.com\/en\/wp-json\/wp\/v2\/media\/6607"}],"wp:attachment":[{"href":"https:\/\/www.galerie-scrapbooking.com\/en\/wp-json\/wp\/v2\/media?parent=6606"}],"wp:term":[{"taxonomy":"product_brand","embeddable":true,"href":"https:\/\/www.galerie-scrapbooking.com\/en\/wp-json\/wp\/v2\/product_brand?post=6606"},{"taxonomy":"product_cat","embeddable":true,"href":"https:\/\/www.galerie-scrapbooking.com\/en\/wp-json\/wp\/v2\/product_cat?post=6606"},{"taxonomy":"product_tag","embeddable":true,"href":"https:\/\/www.galerie-scrapbooking.com\/en\/wp-json\/wp\/v2\/product_tag?post=6606"}],"curies":[{"name":"wp","href":"https:\/\/api.w.org\/{rel}","templated":true}]}}