{"id":660,"date":"2010-07-14T06:27:35","date_gmt":"2010-07-14T06:27:35","guid":{"rendered":"https:\/\/commparlimage.ca\/garage\/herazz\/?product=copic-sketch-0s-blender"},"modified":"2025-07-03T16:17:50","modified_gmt":"2025-07-03T20:17:50","slug":"blender","status":"publish","type":"product","link":"https:\/\/www.galerie-scrapbooking.com\/en\/produit\/blender\/","title":{"rendered":"Copic Sketch 0s &#8211; Blender"},"content":{"rendered":"<p>Le Copic Blender ou num\u00e9ro 0 (sans couleur) est fait pour: Repousser l\u2019encre &#8211; Corriger les petites erreurs &#8211; -Cr\u00e9er des textures, des effets sur une couleur &#8211; P\u00e2lir une couleur &#8211;  Aider \u00e0 faire un d\u00e9grad\u00e9 vers la couleur z\u00e9ro (ou plus de couleur)<\/p>\n","protected":false},"excerpt":{"rendered":"<p>Crayon Marqueur Copic Sketch Colorless Blender<\/p>\n","protected":false},"featured_media":661,"template":"","meta":{"_acf_changed":false},"product_brand":[],"product_cat":[58],"product_tag":[],"class_list":{"0":"post-660","1":"product","2":"type-product","3":"status-publish","4":"has-post-thumbnail","6":"product_cat-copic-blender-black","7":"pa_brand_nc-copic","9":"first","10":"instock","11":"taxable","12":"shipping-taxable","13":"purchasable","14":"product-type-simple"},"acf":[],"aioseo_notices":[],"_links":{"self":[{"href":"https:\/\/www.galerie-scrapbooking.com\/en\/wp-json\/wp\/v2\/product\/660","targetHints":{"allow":["GET"]}}],"collection":[{"href":"https:\/\/www.galerie-scrapbooking.com\/en\/wp-json\/wp\/v2\/product"}],"about":[{"href":"https:\/\/www.galerie-scrapbooking.com\/en\/wp-json\/wp\/v2\/types\/product"}],"wp:featuredmedia":[{"embeddable":true,"href":"https:\/\/www.galerie-scrapbooking.com\/en\/wp-json\/wp\/v2\/media\/661"}],"wp:attachment":[{"href":"https:\/\/www.galerie-scrapbooking.com\/en\/wp-json\/wp\/v2\/media?parent=660"}],"wp:term":[{"taxonomy":"product_brand","embeddable":true,"href":"https:\/\/www.galerie-scrapbooking.com\/en\/wp-json\/wp\/v2\/product_brand?post=660"},{"taxonomy":"product_cat","embeddable":true,"href":"https:\/\/www.galerie-scrapbooking.com\/en\/wp-json\/wp\/v2\/product_cat?post=660"},{"taxonomy":"product_tag","embeddable":true,"href":"https:\/\/www.galerie-scrapbooking.com\/en\/wp-json\/wp\/v2\/product_tag?post=660"}],"curies":[{"name":"wp","href":"https:\/\/api.w.org\/{rel}","templated":true}]}}